{"id":6438,"date":"2016-10-13T00:33:53","date_gmt":"2016-10-13T04:33:53","guid":{"rendered":"http:\/\/g12church.com\/es\/beliefs\/"},"modified":"2016-10-24T23:39:36","modified_gmt":"2016-10-25T03:39:36","slug":"en-que-creemos","status":"publish","type":"page","link":"https:\/\/mcichurch.us\/es\/en-que-creemos\/","title":{"rendered":"En Que Creemos"},"content":{"rendered":"[mk_page_section bg_image=&#8221;https:\/\/mcichurch.us\/wp-content\/uploads\/2015\/04\/ENCOUNTER-GROUPS.jpg&#8221; bg_position=&#8221;right bottom&#8221; bg_repeat=&#8221;no-repeat&#8221; bg_stretch=&#8221;true&#8221; video_color_mask=&#8221;#000000&#8243; min_height=&#8221;300&#8243; js_vertical_centered=&#8221;true&#8221; padding_top=&#8221;50&#8243; padding_bottom=&#8221;50&#8243; sidebar=&#8221;sidebar-1&#8243; first_page=&#8221;false&#8221; last_page=&#8221;false&#8221;][vc_column][mk_fancy_title color=&#8221;#ffffff&#8221; size=&#8221;50&#8243; force_font_size=&#8221;true&#8221; size_smallscreen=&#8221;42&#8243; size_tablet=&#8221;42&#8243; size_phone=&#8221;42&#8243; font_weight=&#8221;bold&#8221; txt_transform=&#8221;uppercase&#8221; letter_spacing=&#8221;4&#8243; margin_top=&#8221;20&#8243; font_family=&#8221;none&#8221; align=&#8221;center&#8221; el_class=&#8221;g12titles&#8221;]En Que Creemos[\/mk_fancy_title][\/vc_column][\/mk_page_section][vc_row][vc_column][mk_padding_divider size=&#8221;60&#8243;][mk_icon_box icon=&#8221;mk-li-book&#8221; title=&#8221;EN LA BIBLIA&#8221; text_size=&#8221;24&#8243; font_weight=&#8221;bold&#8221; style=&#8221;simple_ultimate&#8221; icon_size=&#8221;medium&#8221; icon_color=&#8221;#333333&#8243; margin=&#8221;50&#8243;]<span style=\"font-weight: 400;\">Es la palabra de Dios, aunque fue escrita por hombres, fue guiada por el Esp\u00edritu Santo.\u00a0<\/span><span style=\"font-weight: 400;\">(Salmos 119:11, Isa\u00edas 40:8, 2 Timoteo 3:15-17)<\/span>[\/mk_icon_box][mk_icon_box icon=&#8221;mk-moon-users-4&#8243; title=&#8221;EN LA TRINIDAD&#8221; text_size=&#8221;24&#8243; font_weight=&#8221;bold&#8221; style=&#8221;simple_ultimate&#8221; icon_size=&#8221;medium&#8221; icon_color=&#8221;#333333&#8243; margin=&#8221;50&#8243;]Un solo Dios, manifestado en tres personas: Padre, Hijo y Esp\u00edritu Santo<br \/>\nAunque cada uno cumple una misi\u00f3n diferente, todos poseen el mismo poder y autoridad.<\/p>\n<p><strong>1. En el Padre<\/strong><br \/>\nDios es omnipresente, es digno, es Santo. El es padre amoroso y compasivo, y di\u00f3 a su \u00fanico hijo para darnos redenci\u00f3n de pecados. (Exodo 3:14, Juan 3:16, Hechos 17:28)<\/p>\n<p><strong>2. En el Hijo<\/strong><br \/>\nJes\u00fas es completamente humano pero a la misma manera es completamente Dios. El muri\u00f3, resucit\u00f3 al tercer d\u00eda y ascendi\u00f3 al cielo sent\u00e1ndose a la diestra de Dios Padre. El venci\u00f3 la muerte con su resurrecci\u00f3n. (Isa\u00edas 7:14, Mateo 1:18-23, Juan 1:1, Colosenses 1:15)<\/p>\n<p><strong>3. En El Esp\u00edritu Santo<\/strong><br \/>\nLa presencia del Esp\u00edritu Santo nos lleva a tener una comuni\u00f3n intima con Jes\u00fas. El gu\u00eda a los creyentes a toda verdad y los convence de pecado. Es nuestro consolador y tambi\u00e9n nos da dones especiales. (Salmos 51:11, Joel 2:28-32, Isa\u00edas 61:1-3, Efesios 1:13-14)[\/mk_icon_box][mk_icon_box icon=&#8221;mk-moon-man&#8221; title=&#8221;EN EL HOMBRE&#8221; text_size=&#8221;24&#8243; font_weight=&#8221;bold&#8221; style=&#8221;simple_ultimate&#8221; icon_size=&#8221;medium&#8221; icon_color=&#8221;#333333&#8243; margin=&#8221;50&#8243;]<span style=\"font-weight: 400;\">Dios fue creado a imagen de Dios, a causa de su pecado fue separado de Dios. Cada ser humano fue creado de una manera \u00fanica. Solo a trav\u00e9s de la cruz se puede obtener arrepentimiento y perd\u00f3n de pecados.\u00a0<\/span><span style=\"font-weight: 400;\">(Genesis 1:26-30, Salmos 8:3-6, Jeremias 17:5, 1 Corintios 1:21-31)<\/span>[\/mk_icon_box][mk_icon_box icon=&#8221;mk-moon-arrow-up&#8221; title=&#8221;EN LA SALVACI\u00d3N&#8221; text_size=&#8221;24&#8243; font_weight=&#8221;bold&#8221; style=&#8221;simple_ultimate&#8221; icon_size=&#8221;medium&#8221; icon_color=&#8221;#333333&#8243; margin=&#8221;50&#8243;]<span style=\"font-weight: 400;\">La \u00fanica manera de recibir salvaci\u00f3n es por medio de la sangre de Jes\u00fas. La salvaci\u00f3n es un regalo de Dios, y solo ocurre cuando las personas tienen un coraz\u00f3n dispuesto a rendirse a sus pies.\u00a0<\/span><span style=\"font-weight: 400;\">(Isa\u00edas 1:18, Mateo 1:21, Hechos 2:21, Galatas 2:20)<\/span>[\/mk_icon_box][mk_icon_box icon=&#8221;mk-moon-home-6&#8243; title=&#8221;EN LA IGLESIA&#8221; text_size=&#8221;24&#8243; font_weight=&#8221;bold&#8221; style=&#8221;simple_ultimate&#8221; icon_size=&#8221;medium&#8221; icon_color=&#8221;#333333&#8243; margin=&#8221;50&#8243;]<span style=\"font-weight: 400;\">La iglesia es una comunidad de creyentes que se reunen para aprender m\u00e1s acerca de la palabra de Dios. Est\u00e1 comprometida a dar las ense\u00f1anzas de Cristo, y desea llevar el evangelio a todo el mundo. La iglesia trabaja en amor y unidad para poder glorificar a Dios.\u00a0<\/span><span style=\"font-weight: 400;\">(Mateo 16:18-19, Colosenses 1:18, 1 Timoteo 4:14, Apocal\u00edpsis 21:2-3)<\/span>[\/mk_icon_box][mk_padding_divider][\/vc_column][\/vc_row]\n","protected":false},"excerpt":{"rendered":"<p>[mk_page_section bg_image=&#8221;https:\/\/mcichurch.us\/wp-content\/uploads\/2015\/04\/ENCOUNTER-GROUPS.jpg&#8221; bg_position=&#8221;right bottom&#8221; bg_repeat=&#8221;no-repeat&#8221; bg_stretch=&#8221;true&#8221; video_color_mask=&#8221;#000000&#8243; min_height=&#8221;300&#8243; js_vertical_centered=&#8221;true&#8221; padding_top=&#8221;50&#8243; padding_bottom=&#8221;50&#8243; sidebar=&#8221;sidebar-1&#8243; first_page=&#8221;false&#8221; last_page=&#8221;false&#8221;][vc_column][mk_fancy_title color=&#8221;#ffffff&#8221; size=&#8221;50&#8243; force_font_size=&#8221;true&#8221; size_smallscreen=&#8221;42&#8243; size_tablet=&#8221;42&#8243; size_phone=&#8221;42&#8243; font_weight=&#8221;bold&#8221; txt_transform=&#8221;uppercase&#8221; letter_spacing=&#8221;4&#8243; margin_top=&#8221;20&#8243; font_family=&#8221;none&#8221; align=&#8221;center&#8221; el_class=&#8221;g12titles&#8221;]En Que Creemos[\/mk_fancy_title][\/vc_column][\/mk_page_section][vc_row][vc_column][mk_padding_divider size=&#8221;60&#8243;][mk_icon_box icon=&#8221;mk-li-book&#8221; title=&#8221;EN LA BIBLIA&#8221; text_size=&#8221;24&#8243; font_weight=&#8221;bold&#8221; style=&#8221;simple_ultimate&#8221; icon_size=&#8221;medium&#8221; icon_color=&#8221;#333333&#8243; margin=&#8221;50&#8243;]Es la palabra de Dios, aunque fue escrita por hombres, fue guiada por el Esp\u00edritu Santo.\u00a0(Salmos [&hellip;]<\/p>\n","protected":false},"author":1,"featured_media":0,"parent":0,"menu_order":0,"comment_status":"open","ping_status":"open","template":"","meta":{"footnotes":""},"class_list":["post-6438","page","type-page","status-publish","hentry"],"_links":{"self":[{"href":"https:\/\/mcichurch.us\/es\/wp-json\/wp\/v2\/pages\/6438","targetHints":{"allow":["GET"]}}],"collection":[{"href":"https:\/\/mcichurch.us\/es\/wp-json\/wp\/v2\/pages"}],"about":[{"href":"https:\/\/mcichurch.us\/es\/wp-json\/wp\/v2\/types\/page"}],"author":[{"embeddable":true,"href":"https:\/\/mcichurch.us\/es\/wp-json\/wp\/v2\/users\/1"}],"replies":[{"embeddable":true,"href":"https:\/\/mcichurch.us\/es\/wp-json\/wp\/v2\/comments?post=6438"}],"version-history":[{"count":6,"href":"https:\/\/mcichurch.us\/es\/wp-json\/wp\/v2\/pages\/6438\/revisions"}],"predecessor-version":[{"id":6514,"href":"https:\/\/mcichurch.us\/es\/wp-json\/wp\/v2\/pages\/6438\/revisions\/6514"}],"wp:attachment":[{"href":"https:\/\/mcichurch.us\/es\/wp-json\/wp\/v2\/media?parent=6438"}],"curies":[{"name":"wp","href":"https:\/\/api.w.org\/{rel}","templated":true}]}}