{"id":6443,"date":"2016-10-12T23:09:54","date_gmt":"2016-10-13T03:09:54","guid":{"rendered":"http:\/\/g12church.com\/es\/families\/"},"modified":"2019-09-24T12:47:17","modified_gmt":"2019-09-24T16:47:17","slug":"familias","status":"publish","type":"page","link":"https:\/\/mcichurch.us\/es\/familias\/","title":{"rendered":"Familias"},"content":{"rendered":"[mk_page_section bg_image=&#8221;https:\/\/mcichurch.us\/wp-content\/uploads\/2016\/10\/domingo-1.jpg&#8221; bg_position=&#8221;center center&#8221; bg_repeat=&#8221;no-repeat&#8221; bg_stretch=&#8221;true&#8221; video_color_mask=&#8221;#1e73be&#8221; min_height=&#8221;300&#8243; js_vertical_centered=&#8221;true&#8221; padding_top=&#8221;50&#8243; padding_bottom=&#8221;50&#8243; sidebar=&#8221;sidebar-1&#8243; first_page=&#8221;false&#8221; last_page=&#8221;false&#8221;][vc_column][mk_fancy_title color=&#8221;#ffffff&#8221; size=&#8221;50&#8243; force_font_size=&#8221;true&#8221; size_smallscreen=&#8221;42&#8243; size_tablet=&#8221;42&#8243; size_phone=&#8221;42&#8243; font_weight=&#8221;bold&#8221; txt_transform=&#8221;uppercase&#8221; letter_spacing=&#8221;4&#8243; margin_top=&#8221;20&#8243; font_family=&#8221;none&#8221; align=&#8221;center&#8221; el_class=&#8221;g12titles&#8221;]FAMILIAS[\/mk_fancy_title][\/vc_column][\/mk_page_section][mk_page_section bg_image=&#8221;https:\/\/mcichurch.us\/wp-content\/uploads\/2015\/05\/kids-2.jpg&#8221; bg_position=&#8221;center center&#8221; bg_repeat=&#8221;no-repeat&#8221; bg_stretch=&#8221;true&#8221; video_color_mask=&#8221;#000000&#8243; video_opacity=&#8221;0.4&#8243; min_height=&#8221;300&#8243; js_vertical_centered=&#8221;true&#8221; margin_bottom=&#8221;40&#8243; sidebar=&#8221;sidebar-1&#8243; first_page=&#8221;false&#8221; last_page=&#8221;false&#8221;][vc_column][mk_fancy_title color=&#8221;#ffffff&#8221; size=&#8221;32&#8243; font_weight=&#8221;bold&#8221; txt_transform=&#8221;uppercase&#8221; letter_spacing=&#8221;4&#8243; margin_top=&#8221;20&#8243; font_family=&#8221;none&#8221; align=&#8221;center&#8221;]G12 KIDS[\/mk_fancy_title][\/vc_column][\/mk_page_section][vc_row][vc_column][vc_column_text margin_bottom=&#8221;20&#8243;]<span style=\"font-weight: 400;\">Es el ministerio de Ni\u00f1os de nuestra iglesia desde bebes hasta el quinto grado. Cada domingo los ni\u00f1os aprenden de la palabra de una manera creativa, se motivan a memorizar Biblia y a vivir para Jes\u00fas. Tambi\u00e9n durante la semana se pueden involucrar en una c\u00e9lula.\u00a0<\/span><span style=\"font-weight: 400;\">Si es tu primera vez aca, recomendamos llegar 15 minutos antes para poder registrar a los ni\u00f1os al sistema y poder ponerlos en la clase correcta<\/span>[\/vc_column_text][mk_padding_divider][\/vc_column][\/vc_row][mk_page_section bg_image=&#8221;https:\/\/mcichurch.us\/wp-content\/uploads\/2016\/10\/download-5.jpg&#8221; bg_position=&#8221;center center&#8221; bg_repeat=&#8221;no-repeat&#8221; bg_stretch=&#8221;true&#8221; video_color_mask=&#8221;#000000&#8243; video_opacity=&#8221;0.4&#8243; min_height=&#8221;300&#8243; js_vertical_centered=&#8221;true&#8221; margin_bottom=&#8221;40&#8243; sidebar=&#8221;sidebar-1&#8243; first_page=&#8221;false&#8221; last_page=&#8221;false&#8221;][vc_column][mk_fancy_title color=&#8221;#ffffff&#8221; size=&#8221;32&#8243; font_weight=&#8221;bold&#8221; txt_transform=&#8221;uppercase&#8221; letter_spacing=&#8221;4&#8243; margin_top=&#8221;20&#8243; font_family=&#8221;none&#8221; align=&#8221;center&#8221;]G12 GIRLS[\/mk_fancy_title][\/vc_column][\/mk_page_section][vc_row][vc_column][vc_column_text margin_bottom=&#8221;20&#8243;]Dios tiene un prop\u00f3sito especial para las mujeres, y nuestro deseo es proveer un ambiente para que todas las mujeres puedan crecer y florecer en el llamado que Dios les ha dado. En MCI Church, el ministerio de mujeres es parte esencial de lo que hacemos. Todas las mujeres son \u00fanicas y especiales y es por eso que nos enfocamos en un ministerio de mujeres fuerte, con lideres que puedan levantar una nueva generaci\u00f3n de mujeres que saben vivir una vida balanceada y una vida bajo los par\u00e1metros de Dios.[\/vc_column_text][mk_padding_divider][\/vc_column][\/vc_row][mk_page_section bg_image=&#8221;https:\/\/mcichurch.us\/wp-content\/uploads\/2016\/10\/download.jpg&#8221; bg_position=&#8221;center center&#8221; bg_repeat=&#8221;no-repeat&#8221; bg_stretch=&#8221;true&#8221; video_color_mask=&#8221;#000000&#8243; video_opacity=&#8221;0.4&#8243; min_height=&#8221;300&#8243; js_vertical_centered=&#8221;true&#8221; margin_bottom=&#8221;40&#8243; sidebar=&#8221;sidebar-1&#8243; first_page=&#8221;false&#8221; last_page=&#8221;false&#8221;][vc_column][mk_fancy_title color=&#8221;#ffffff&#8221; size=&#8221;32&#8243; font_weight=&#8221;bold&#8221; txt_transform=&#8221;uppercase&#8221; letter_spacing=&#8221;4&#8243; margin_top=&#8221;20&#8243; font_family=&#8221;none&#8221; align=&#8221;center&#8221;]J\u00f3venes[\/mk_fancy_title][\/vc_column][\/mk_page_section][vc_row][vc_column][vc_column_text margin_bottom=&#8221;20&#8243;]Los j\u00f3venes son el motor de la innovaci\u00f3n. Los j\u00f3venes de MCI Church creen en marcar la diferencia en nuestra sociedad, en ser luz en nuestra comunidad, y en vivir una vida alineada con la Palabra de Dios. El servir a Dios no es algo aburrido. Una vida con Dios es la vida mas emocionante y plena que un joven pueda escoger. Nuestro ministerio de j\u00f3venes esta determinado a levantar una nueva generaci\u00f3n de j\u00f3venes que puedan darle ese toque especial a la iglesia.[\/vc_column_text][mk_padding_divider][\/vc_column][\/vc_row][mk_page_section bg_image=&#8221;https:\/\/mcichurch.us\/wp-content\/uploads\/2016\/10\/download-1.jpg&#8221; bg_position=&#8221;center center&#8221; bg_repeat=&#8221;no-repeat&#8221; bg_stretch=&#8221;true&#8221; video_color_mask=&#8221;#000000&#8243; video_opacity=&#8221;0.4&#8243; min_height=&#8221;300&#8243; js_vertical_centered=&#8221;true&#8221; margin_bottom=&#8221;40&#8243; sidebar=&#8221;sidebar-1&#8243; first_page=&#8221;false&#8221; last_page=&#8221;false&#8221;][vc_column][mk_fancy_title color=&#8221;#ffffff&#8221; size=&#8221;32&#8243; font_weight=&#8221;bold&#8221; txt_transform=&#8221;uppercase&#8221; letter_spacing=&#8221;4&#8243; margin_top=&#8221;20&#8243; font_family=&#8221;none&#8221; align=&#8221;center&#8221;]Artes[\/mk_fancy_title][\/vc_column][\/mk_page_section][vc_row][vc_column][vc_column_text margin_bottom=&#8221;20&#8243;]Desde el principio Dios ha sido el maestro de la creatividad. Nuestro Dios es un Dios creativo, y nuestro deseo es ponerle ese toque creativo a todo lo que hagamos en MCI Church. Tenemos varias maneras de desarrollar tu creatividad, como un equipo de danzas, de teatro, y de medios y producci\u00f3n.[\/vc_column_text][mk_padding_divider][\/vc_column][\/vc_row][mk_page_section bg_image=&#8221;https:\/\/mcichurch.us\/wp-content\/uploads\/2016\/10\/babies-presentation.jpg&#8221; bg_position=&#8221;center center&#8221; bg_repeat=&#8221;no-repeat&#8221; bg_stretch=&#8221;true&#8221; video_color_mask=&#8221;#000000&#8243; min_height=&#8221;300&#8243; js_vertical_centered=&#8221;true&#8221; margin_bottom=&#8221;40&#8243; sidebar=&#8221;sidebar-1&#8243; first_page=&#8221;false&#8221; last_page=&#8221;false&#8221;][vc_column][mk_fancy_title color=&#8221;#ffffff&#8221; size=&#8221;32&#8243; font_weight=&#8221;bold&#8221; txt_transform=&#8221;uppercase&#8221; letter_spacing=&#8221;4&#8243; margin_top=&#8221;20&#8243; font_family=&#8221;none&#8221; align=&#8221;center&#8221;]Presentaci\u00f3n de Ni\u00f1os[\/mk_fancy_title][\/vc_column][\/mk_page_section][vc_row][vc_column][vc_column_text]<span style=\"font-weight: 400;\">En el servicio de dedicaci\u00f3n de ni\u00f1os, es un servicio p\u00fablico, donde los padres se comprometen a levantar a sus hijos en el temor de Dios.<\/span><\/p>\n<p><span style=\"font-weight: 400;\">Que se espera de los padres:<\/span><\/p>\n<ul>\n<li style=\"font-weight: 400;\"><span style=\"font-weight: 400;\">Que por lo menos uno de ellos tenga un compromiso con Dios<\/span><\/li>\n<li style=\"font-weight: 400;\"><span style=\"font-weight: 400;\">Que alguno asista los domingos a la iglesia<\/span><\/li>\n<li style=\"font-weight: 400;\"><span style=\"font-weight: 400;\">Alguno de los padres se comprometa a ser un modelo en pureza, en fe y en conducta. <\/span><\/li>\n<\/ul>\n[\/vc_column_text][mk_button dimension=&#8221;outline&#8221; size=&#8221;large&#8221; url=&#8221;https:\/\/mcichurch.us\/es\/contacto\/&#8221; target=&#8221;_blank&#8221; margin_top=&#8221;20&#8243; margin_bottom=&#8221;50&#8243; margin_right=&#8221;0&#8243;]CONTACT US[\/mk_button][mk_padding_divider][\/vc_column][\/vc_row]\n","protected":false},"excerpt":{"rendered":"<p>[mk_page_section bg_image=&#8221;https:\/\/mcichurch.us\/wp-content\/uploads\/2016\/10\/domingo-1.jpg&#8221; bg_position=&#8221;center center&#8221; bg_repeat=&#8221;no-repeat&#8221; bg_stretch=&#8221;true&#8221; video_color_mask=&#8221;#1e73be&#8221; min_height=&#8221;300&#8243; js_vertical_centered=&#8221;true&#8221; padding_top=&#8221;50&#8243; padding_bottom=&#8221;50&#8243; sidebar=&#8221;sidebar-1&#8243; first_page=&#8221;false&#8221; last_page=&#8221;false&#8221;][vc_column][mk_fancy_title color=&#8221;#ffffff&#8221; size=&#8221;50&#8243; force_font_size=&#8221;true&#8221; size_smallscreen=&#8221;42&#8243; size_tablet=&#8221;42&#8243; size_phone=&#8221;42&#8243; font_weight=&#8221;bold&#8221; txt_transform=&#8221;uppercase&#8221; letter_spacing=&#8221;4&#8243; margin_top=&#8221;20&#8243; font_family=&#8221;none&#8221; align=&#8221;center&#8221; el_class=&#8221;g12titles&#8221;]FAMILIAS[\/mk_fancy_title][\/vc_column][\/mk_page_section][mk_page_section bg_image=&#8221;https:\/\/mcichurch.us\/wp-content\/uploads\/2015\/05\/kids-2.jpg&#8221; bg_position=&#8221;center center&#8221; bg_repeat=&#8221;no-repeat&#8221; bg_stretch=&#8221;true&#8221; video_color_mask=&#8221;#000000&#8243; video_opacity=&#8221;0.4&#8243; min_height=&#8221;300&#8243; js_vertical_centered=&#8221;true&#8221; margin_bottom=&#8221;40&#8243; sidebar=&#8221;sidebar-1&#8243; first_page=&#8221;false&#8221; last_page=&#8221;false&#8221;][vc_column][mk_fancy_title color=&#8221;#ffffff&#8221; size=&#8221;32&#8243; font_weight=&#8221;bold&#8221; txt_transform=&#8221;uppercase&#8221; letter_spacing=&#8221;4&#8243; margin_top=&#8221;20&#8243; font_family=&#8221;none&#8221; align=&#8221;center&#8221;]G12 KIDS[\/mk_fancy_title][\/vc_column][\/mk_page_section][vc_row][vc_column][vc_column_text margin_bottom=&#8221;20&#8243;]Es el ministerio de Ni\u00f1os de [&hellip;]<\/p>\n","protected":false},"author":1,"featured_media":0,"parent":0,"menu_order":0,"comment_status":"open","ping_status":"open","template":"","meta":{"footnotes":""},"class_list":["post-6443","page","type-page","status-publish","hentry"],"_links":{"self":[{"href":"https:\/\/mcichurch.us\/es\/wp-json\/wp\/v2\/pages\/6443","targetHints":{"allow":["GET"]}}],"collection":[{"href":"https:\/\/mcichurch.us\/es\/wp-json\/wp\/v2\/pages"}],"about":[{"href":"https:\/\/mcichurch.us\/es\/wp-json\/wp\/v2\/types\/page"}],"author":[{"embeddable":true,"href":"https:\/\/mcichurch.us\/es\/wp-json\/wp\/v2\/users\/1"}],"replies":[{"embeddable":true,"href":"https:\/\/mcichurch.us\/es\/wp-json\/wp\/v2\/comments?post=6443"}],"version-history":[{"count":4,"href":"https:\/\/mcichurch.us\/es\/wp-json\/wp\/v2\/pages\/6443\/revisions"}],"predecessor-version":[{"id":7504,"href":"https:\/\/mcichurch.us\/es\/wp-json\/wp\/v2\/pages\/6443\/revisions\/7504"}],"wp:attachment":[{"href":"https:\/\/mcichurch.us\/es\/wp-json\/wp\/v2\/media?parent=6443"}],"curies":[{"name":"wp","href":"https:\/\/api.w.org\/{rel}","templated":true}]}}