{"id":6446,"date":"2015-04-08T12:06:45","date_gmt":"2015-04-08T16:06:45","guid":{"rendered":"http:\/\/g12church.com\/es\/get-involved\/"},"modified":"2022-05-31T14:31:53","modified_gmt":"2022-05-31T18:31:53","slug":"involucrate","status":"publish","type":"page","link":"https:\/\/mcichurch.us\/es\/involucrate\/","title":{"rendered":"Involucrate"},"content":{"rendered":"[mk_page_section bg_image=&#8221;https:\/\/mcichurch.us\/wp-content\/uploads\/2015\/04\/new-here.jpg&#8221; bg_position=&#8221;center top&#8221; bg_repeat=&#8221;no-repeat&#8221; bg_stretch=&#8221;true&#8221; video_color_mask=&#8221;#000000&#8243; video_opacity=&#8221;0.3&#8243; min_height=&#8221;600&#8243; padding_top=&#8221;50&#8243; padding_bottom=&#8221;50&#8243; sidebar=&#8221;sidebar-1&#8243; first_page=&#8221;false&#8221; last_page=&#8221;false&#8221;][vc_column][mk_fancy_title color=&#8221;#ffffff&#8221; size=&#8221;50&#8243; force_font_size=&#8221;true&#8221; size_smallscreen=&#8221;42&#8243; size_tablet=&#8221;42&#8243; size_phone=&#8221;42&#8243; font_weight=&#8221;bold&#8221; txt_transform=&#8221;uppercase&#8221; letter_spacing=&#8221;4&#8243; margin_top=&#8221;20&#8243; font_family=&#8221;none&#8221; align=&#8221;center&#8221; el_class=&#8221;g12titles&#8221;]Involucrate[\/mk_fancy_title][\/vc_column][\/mk_page_section][mk_page_section bg_image=&#8221;https:\/\/mcichurch.us\/wp-content\/uploads\/2015\/04\/ENCOUNTER-GROUPS.jpg&#8221; bg_position=&#8221;center center&#8221; bg_repeat=&#8221;no-repeat&#8221; bg_stretch=&#8221;true&#8221; min_height=&#8221;300&#8243; js_vertical_centered=&#8221;true&#8221; margin_bottom=&#8221;40&#8243; sidebar=&#8221;sidebar-1&#8243; first_page=&#8221;false&#8221; last_page=&#8221;false&#8221;][vc_column][mk_fancy_title color=&#8221;#ffffff&#8221; size=&#8221;32&#8243; font_weight=&#8221;bold&#8221; txt_transform=&#8221;uppercase&#8221; letter_spacing=&#8221;4&#8243; margin_top=&#8221;20&#8243; font_family=&#8221;none&#8221; align=&#8221;center&#8221;]Haz parte de Una Celula[\/mk_fancy_title][\/vc_column][\/mk_page_section][vc_row][vc_column][vc_column_text margin_bottom=&#8221;20&#8243;]<span style=\"font-weight: 400;\">La c\u00e9lula es un grupo peque\u00f1o que te lleva a conectarte con Dios y a conectarte con otros creyentes. En este grupo podr\u00e1s crecer espiritualmente, y podr\u00e1s recibir oraci\u00f3n por tus necesidades. Encuentra grupos para mujeres, parejas, jovenes o ni\u00f1os.<\/span>[\/vc_column_text][mk_button dimension=&#8221;outline&#8221; size=&#8221;large&#8221; url=&#8221;https:\/\/mcichurch.us\/es\/contacto\/&#8221; target=&#8221;_blank&#8221; margin_top=&#8221;20&#8243; margin_bottom=&#8221;50&#8243; margin_right=&#8221;0&#8243;]CONTACTO[\/mk_button][\/vc_column][\/vc_row][mk_page_section bg_image=&#8221;https:\/\/mcichurch.us\/wp-content\/uploads\/2022\/05\/voluntarios-mci-photo-copy-min.jpeg&#8221; bg_position=&#8221;center center&#8221; bg_repeat=&#8221;no-repeat&#8221; bg_stretch=&#8221;true&#8221; min_height=&#8221;300&#8243; js_vertical_centered=&#8221;true&#8221; margin_bottom=&#8221;40&#8243; sidebar=&#8221;sidebar-1&#8243; first_page=&#8221;false&#8221; last_page=&#8221;false&#8221;][vc_column][mk_fancy_title color=&#8221;#ffffff&#8221; size=&#8221;32&#8243; font_weight=&#8221;bold&#8221; txt_transform=&#8221;uppercase&#8221; letter_spacing=&#8221;4&#8243; margin_top=&#8221;20&#8243; font_family=&#8221;none&#8221; align=&#8221;center&#8221;]S\u00e9 un voluntario[\/mk_fancy_title][\/vc_column][\/mk_page_section][vc_row][vc_column][vc_column_text css=&#8221;.vc_custom_1553210957685{margin-bottom: 0px !important;}&#8221;]\u201cComo el Hijo del Hombre no vino para ser servido, sino para servir, y para dar su vida en rescate por muchos.\u201d Mateo 20:28<br \/>\nJes\u00fas es el mayor ejemplo de servicio, y de igual manera la iglesia se levanta en el sacrificio de muchos.<\/p>\n<h3>LA EXPERIENCIA<\/h3>\n<p>Este es el equipo que brinda a las personas la mejor experiencia cuando llegan a nuestra iglesia. Es la primera impresi\u00f3n. El equipo de experiencia no solo da la bienvenida a las personas, sino que tambi\u00e9n les ayuda a conectarse en la iglesia. Este equipo se asegura de que cada persona que viene a nuestra iglesia se sienta como en casa. Con una sonrisa siempre en la cara, siempre est\u00e1n dispuestos a ayudar. Desde el momento en que la persona llega a nuestro estacionamiento hasta el momento en que finaliza el servicio y regresan a casa.<\/p>\n<h3>PRODUCCION<\/h3>\n<p>Este equipo est\u00e1 a cargo de todo lo que tiene que ver con la producci\u00f3n de nuestra iglesia y los eventos. Desde sonido, iluminaci\u00f3n, pantallas, escenario, c\u00e1maras y mucho m\u00e1s. Este equipo trabaja detr\u00e1s de escenas para asegurarse de que cada servicio y evento sea excelente. Valoramos cada talento y juntos creamos un gran ambiente en nuestra iglesia. No importa si no tienes experiencia, te capacitamos en el equipo del que quieres formar parte.<\/p>\n<h3>CREATIVO<\/h3>\n<p>Al hablar del equipo creativo nos referimos a la ventana de lo que las personas ven. Este equipo refleja el coraz\u00f3n de la iglesia a trav\u00e9s del dise\u00f1o, fotograf\u00eda y video. Nuestros equipo creativo trabajan en varias \u00e1reas para el marketing de los eventos, la experiencia durante el servicio y lo muestran a trav\u00e9s de las redes sociales.<\/p>\n<h3>KIDS<\/h3>\n<p>El equipo de Kids representa la experiencia que tanto el ni\u00f1o como el padre van a tener a la hora de entrar a la Zona Kids. Este equipo debe ser muy bien entrenado para poder ense\u00f1ar y discipular esta nueva generaci\u00f3n. Estas personas por lo general son muy creativas, les gusta ense\u00f1ar pero a la vez pasar un tiempo divertido.<\/p>\n<p>Si quieres ser un voluntario escr\u00edbenos a <a href=\"mailto:juan@g12church.com\">juan@g12church.com<\/a>[\/vc_column_text][mk_button dimension=&#8221;outline&#8221; size=&#8221;large&#8221; url=&#8221;https:\/\/g12.es\/volunteers&#8221; target=&#8221;_blank&#8221; margin_top=&#8221;20&#8243; margin_bottom=&#8221;50&#8243; margin_right=&#8221;0&#8243;]S\u00c9 UN VOLUNTARIO[\/mk_button][\/vc_column][\/vc_row][mk_page_section bg_image=&#8221;https:\/\/mcichurch.us\/wp-content\/uploads\/2015\/04\/lifeclass-banner.jpg&#8221; bg_position=&#8221;center center&#8221; bg_repeat=&#8221;no-repeat&#8221; bg_stretch=&#8221;true&#8221; min_height=&#8221;300&#8243; js_vertical_centered=&#8221;true&#8221; margin_bottom=&#8221;40&#8243; sidebar=&#8221;sidebar-1&#8243; first_page=&#8221;false&#8221; last_page=&#8221;false&#8221;][vc_column][mk_fancy_title color=&#8221;#ffffff&#8221; size=&#8221;32&#8243; font_weight=&#8221;bold&#8221; txt_transform=&#8221;uppercase&#8221; letter_spacing=&#8221;4&#8243; margin_top=&#8221;20&#8243; font_family=&#8221;none&#8221; align=&#8221;center&#8221;]Universidad De La Vida[\/mk_fancy_title][\/vc_column][\/mk_page_section][vc_row][vc_column][vc_column_text]La Universidad de la Vida es un curso de nueve semanas dise\u00f1ado para fortalecer al nuevo creyente en la fe en Cristo. Une tres elementos principales Pre-Encuentro, Encuentro y Pos-Encuentro. Con clases cortas y muy din\u00e1micas, podr\u00e1s empezar a preparar tu vida para este Encuentro (retiro espiritual).<\/p>\n<p><em>\u201cPuedo decir que mi vida es un antes y un despu\u00e9s del encuentro, estuve a punto de perder mi matrimonio, pero gracias a este encuentro, Jes\u00fas me regalo una segunda oportunidad\u201d.<\/em> Keith Carreras[\/vc_column_text][mk_button dimension=&#8221;outline&#8221; size=&#8221;large&#8221; url=&#8221;https:\/\/mcichurch.us\/registrations&#8221; target=&#8221;_blank&#8221; margin_top=&#8221;20&#8243; margin_bottom=&#8221;50&#8243; margin_right=&#8221;0&#8243;]REGISTRO[\/mk_button][\/vc_column][\/vc_row][mk_page_section bg_image=&#8221;https:\/\/mcichurch.us\/wp-content\/uploads\/2015\/04\/cd-bg.jpg&#8221; bg_position=&#8221;center center&#8221; bg_repeat=&#8221;no-repeat&#8221; bg_stretch=&#8221;true&#8221; video_color_mask=&#8221;#000000&#8243; video_opacity=&#8221;0.3&#8243; min_height=&#8221;300&#8243; js_vertical_centered=&#8221;true&#8221; margin_bottom=&#8221;40&#8243; sidebar=&#8221;sidebar-1&#8243; first_page=&#8221;false&#8221; last_page=&#8221;false&#8221;][vc_column][mk_fancy_title color=&#8221;#ffffff&#8221; size=&#8221;32&#8243; font_weight=&#8221;bold&#8221; txt_transform=&#8221;uppercase&#8221; letter_spacing=&#8221;4&#8243; margin_top=&#8221;20&#8243; font_family=&#8221;none&#8221; align=&#8221;center&#8221;]Capacitaci\u00f3n Destino[\/mk_fancy_title][\/vc_column][\/mk_page_section][vc_row][vc_column][vc_column_text]<span style=\"font-weight: 400;\">Capacitaci\u00f3n Destino es un curso dirigido a cualquier persona que desee convertirse en un instrumento de Dios, sin importar tu edad o tu nivel de estudios, podr\u00e1s sumergirte en cada clase en los principios b\u00edblicos que te llevar\u00e1n a ser un gran l\u00edder y a trav\u00e9s de cada m\u00f3dulo podr\u00e1s conocer los pilares b\u00e1sicos del cristianismo, y as\u00ed recibirlos, aprenderlos, afianzarlos e implementarlos en tu vida.<\/span>[\/vc_column_text][mk_button dimension=&#8221;outline&#8221; size=&#8221;large&#8221; url=&#8221;https:\/\/mcichurch.us\/registrations&#8221; target=&#8221;_blank&#8221; margin_top=&#8221;20&#8243; margin_bottom=&#8221;50&#8243; margin_right=&#8221;0&#8243;]REGISTRO[\/mk_button][mk_padding_divider][\/vc_column][\/vc_row]\n","protected":false},"excerpt":{"rendered":"<p>[mk_page_section bg_image=&#8221;https:\/\/mcichurch.us\/wp-content\/uploads\/2015\/04\/new-here.jpg&#8221; bg_position=&#8221;center top&#8221; bg_repeat=&#8221;no-repeat&#8221; bg_stretch=&#8221;true&#8221; video_color_mask=&#8221;#000000&#8243; video_opacity=&#8221;0.3&#8243; min_height=&#8221;600&#8243; padding_top=&#8221;50&#8243; padding_bottom=&#8221;50&#8243; sidebar=&#8221;sidebar-1&#8243; first_page=&#8221;false&#8221; last_page=&#8221;false&#8221;][vc_column][mk_fancy_title color=&#8221;#ffffff&#8221; size=&#8221;50&#8243; force_font_size=&#8221;true&#8221; size_smallscreen=&#8221;42&#8243; size_tablet=&#8221;42&#8243; size_phone=&#8221;42&#8243; font_weight=&#8221;bold&#8221; txt_transform=&#8221;uppercase&#8221; letter_spacing=&#8221;4&#8243; margin_top=&#8221;20&#8243; font_family=&#8221;none&#8221; align=&#8221;center&#8221; el_class=&#8221;g12titles&#8221;]Involucrate[\/mk_fancy_title][\/vc_column][\/mk_page_section][mk_page_section bg_image=&#8221;https:\/\/mcichurch.us\/wp-content\/uploads\/2015\/04\/ENCOUNTER-GROUPS.jpg&#8221; bg_position=&#8221;center center&#8221; bg_repeat=&#8221;no-repeat&#8221; bg_stretch=&#8221;true&#8221; min_height=&#8221;300&#8243; js_vertical_centered=&#8221;true&#8221; margin_bottom=&#8221;40&#8243; sidebar=&#8221;sidebar-1&#8243; first_page=&#8221;false&#8221; last_page=&#8221;false&#8221;][vc_column][mk_fancy_title color=&#8221;#ffffff&#8221; size=&#8221;32&#8243; font_weight=&#8221;bold&#8221; txt_transform=&#8221;uppercase&#8221; letter_spacing=&#8221;4&#8243; margin_top=&#8221;20&#8243; font_family=&#8221;none&#8221; align=&#8221;center&#8221;]Haz parte de Una Celula[\/mk_fancy_title][\/vc_column][\/mk_page_section][vc_row][vc_column][vc_column_text margin_bottom=&#8221;20&#8243;]La c\u00e9lula es un grupo [&hellip;]<\/p>\n","protected":false},"author":1,"featured_media":0,"parent":0,"menu_order":0,"comment_status":"open","ping_status":"open","template":"","meta":{"footnotes":""},"class_list":["post-6446","page","type-page","status-publish","hentry"],"_links":{"self":[{"href":"https:\/\/mcichurch.us\/es\/wp-json\/wp\/v2\/pages\/6446","targetHints":{"allow":["GET"]}}],"collection":[{"href":"https:\/\/mcichurch.us\/es\/wp-json\/wp\/v2\/pages"}],"about":[{"href":"https:\/\/mcichurch.us\/es\/wp-json\/wp\/v2\/types\/page"}],"author":[{"embeddable":true,"href":"https:\/\/mcichurch.us\/es\/wp-json\/wp\/v2\/users\/1"}],"replies":[{"embeddable":true,"href":"https:\/\/mcichurch.us\/es\/wp-json\/wp\/v2\/comments?post=6446"}],"version-history":[{"count":9,"href":"https:\/\/mcichurch.us\/es\/wp-json\/wp\/v2\/pages\/6446\/revisions"}],"predecessor-version":[{"id":8785,"href":"https:\/\/mcichurch.us\/es\/wp-json\/wp\/v2\/pages\/6446\/revisions\/8785"}],"wp:attachment":[{"href":"https:\/\/mcichurch.us\/es\/wp-json\/wp\/v2\/media?parent=6446"}],"curies":[{"name":"wp","href":"https:\/\/api.w.org\/{rel}","templated":true}]}}