{"id":7011,"date":"2019-04-11T15:34:32","date_gmt":"2019-04-11T19:34:32","guid":{"rendered":"https:\/\/g12church.com\/?page_id=7011"},"modified":"2019-09-06T19:50:15","modified_gmt":"2019-09-06T23:50:15","slug":"pastores","status":"publish","type":"page","link":"https:\/\/mcichurch.us\/es\/pastores\/","title":{"rendered":"Nuestros Pastores"},"content":{"rendered":"[mk_page_section bg_image=&#8221;https:\/\/mcichurch.us\/wp-content\/uploads\/2015\/04\/pastores-c-y-c3.jpg&#8221; bg_position=&#8221;center center&#8221; bg_repeat=&#8221;no-repeat&#8221; bg_stretch=&#8221;true&#8221; video_color_mask=&#8221;#000000&#8243; min_height=&#8221;450&#8243; js_vertical_centered=&#8221;true&#8221; padding_top=&#8221;50&#8243; padding_bottom=&#8221;50&#8243; sidebar=&#8221;sidebar-1&#8243; first_page=&#8221;false&#8221; last_page=&#8221;false&#8221;][vc_column][mk_fancy_title color=&#8221;#ffffff&#8221; size=&#8221;50&#8243; force_font_size=&#8221;true&#8221; size_smallscreen=&#8221;42&#8243; size_tablet=&#8221;42&#8243; size_phone=&#8221;42&#8243; font_weight=&#8221;bold&#8221; txt_transform=&#8221;uppercase&#8221; letter_spacing=&#8221;4&#8243; margin_top=&#8221;20&#8243; font_family=&#8221;none&#8221; align=&#8221;center&#8221; el_class=&#8221;g12titles&#8221;]Nuestros Pastores[\/mk_fancy_title][\/vc_column][\/mk_page_section][vc_row css=&#8221;.vc_custom_1552502282973{padding-top: 60px !important;padding-bottom: 50px !important;}&#8221;][vc_column][vc_column_text css=&#8221;.vc_custom_1567813810682{margin-bottom: 0px !important;}&#8221;]\n<h3>Pastor Cesar Castellanos<\/h3>\n<p>El Pastor C\u00e9sar Castellanos es considerado como un hombre visionario. Cuando no ten\u00eda iglesia, Dios le habl\u00f3 y le dijo \u201cSue\u00f1a con una iglesia muy grande, porque los sue\u00f1os son el lenguaje de mi esp\u00edritu\u201d Desde ese momento Dios le di\u00f3 el don de la fe. Ha estado 3 veces cl\u00ednicamente muerto, ha tenido encuentros muy poderosos con Jes\u00fas. Dios le ha dado mucha revelaci\u00f3n a trav\u00e9s del poder de \u201cLa Sangre de Jes\u00fas\u201d donde ha visto milagros de sanidad sobrenaturales, y tambi\u00e9n milagros de grandes conquistas. Es un hombre apasionado por las almas, desde el momento que se convirti\u00f3 comenz\u00f3 a predicar en las calles. Hoy en d\u00eda a trav\u00e9s de la \u201cVisi\u00f3n G12\u201d mentorea a mucho l\u00edderes y pastores y los lleva a so\u00f1ar, a ser formado y a alcanzar su m\u00e1ximo potencial. El pastor C\u00e9sar tiene una iglesia muy grande, pero lo m\u00e1s incre\u00edble es que no es una iglesia simplemente de miembro sino de disc\u00edpulos y en su gran mayor\u00eda l\u00edderes. Vive en Bogot\u00e1 junto a su esposa Claudia, es padre de 5 hijos y 11 nietos.<\/p>\n<h3>Pastora Claudia Castellanos<\/h3>\n<p>La Pastora Claudia es una mujer de fe. Dios la sac\u00f3 de estar detr\u00e1s de su esposo y la coloc\u00f3 al lado de \u00e9l. Tiene una gran pasi\u00f3n por las mujeres, y ha levantado una tremenda red de mujeres en la ciudad de Bogot\u00e1. Tambi\u00e9n se ha desarrollado en el \u00e1mbito pol\u00edtico. En 1991 se convirti\u00f3 en la primera senadora Cristiana y en la m\u00e1s joven. Fue la autora de la ley \u201cmujer cabeza de familia\u201d ley que beneficia a todas estas madres de hogar. Su misi\u00f3n es poder ser un instrumento para bajar los \u00edndices de pobreza en Colombia. Hoy es Senadora de la Rep\u00fablica de Colombia y hace parte de la comisi\u00f3n de Relaciones Exteriores. Para las personas que cre\u00edan que la pol\u00edtica y la iglesia no se pod\u00edan mezclar ella les ha demostrado lo contrario.<\/p>\n<p>Nuestra sede principal est\u00e1 en Bogot\u00e1, Colombia bajo el nombre \u201cMisi\u00f3n Carism\u00e1tica Internacional\u201d.[\/vc_column_text][mk_padding_divider size=&#8221;20&#8243;][vc_column_text css=&#8221;.vc_custom_1555011084741{margin-bottom: 0px !important;}&#8221;]\n<h2>En que Creemos<\/h2>\n[\/vc_column_text][mk_padding_divider size=&#8221;19&#8243;][mk_icon_box icon=&#8221;mk-li-book&#8221; title=&#8221;EN LA BIBLIA&#8221; text_size=&#8221;24&#8243; font_weight=&#8221;bold&#8221; style=&#8221;simple_ultimate&#8221; icon_size=&#8221;medium&#8221; icon_color=&#8221;#333333&#8243; margin=&#8221;50&#8243;]Es la palabra de Dios, aunque fue escrita por hombres, fue guiada por el Esp\u00edritu Santo. (Salmos 119:11\u00b7 Isa\u00edas 40:8 \u00b7 2 Timoteo 3:15-17)[\/mk_icon_box][mk_icon_box icon=&#8221;mk-moon-users-4&#8243; title=&#8221;EN LA TRINIDAD&#8221; text_size=&#8221;24&#8243; font_weight=&#8221;bold&#8221; style=&#8221;simple_ultimate&#8221; icon_size=&#8221;medium&#8221; icon_color=&#8221;#333333&#8243; margin=&#8221;50&#8243;]Un solo Dios, manifestado en tres personas: Padre, Hijo y Esp\u00edritu Santo. Aunque cada uno cumple una misi\u00f3n diferente, todos poseen el mismo poder y autoridad.<\/p>\n<p><strong>1. En El Padre<\/strong><br \/>\nDios es Omnipresente, es Digno, es Santo. El es Padre amoroso y compasivo, y dio a su \u00fanico hijo para darnos redenci\u00f3n de pecados. (\u00c9xodo 3:14 \u00b7 Juan 3:16 \u00b7 Hechos 17:28)<\/p>\n<p><strong>2. En El Hijo<\/strong><br \/>\nJes\u00fas es completamente humano pero a la misma manera es completamente Dios. \u00c9l muri\u00f3, resucit\u00f3 al tercer d\u00eda y ascendi\u00f3 al cielo sent\u00e1ndose a la diestra de Dios Padre. \u00c9l venci\u00f3 la muerte con su resurrecci\u00f3n. (Isa\u00edas 7:14 \u00b7 Mateo 1:18-23 \u00b7 Juan 1:1 \u00b7 Colosenses 1:15)<\/p>\n<p><strong>3. En El Esp\u00edritu Santo<\/strong><br \/>\nLa presencia del Esp\u00edritu Santo nos lleva a tener una comuni\u00f3n intima con Jes\u00fas. \u00c9l gu\u00eda a los creyentes a toda verdad y los convence de pecado. Es nuestro consolador y tambi\u00e9n nos da dones especiales. (Salmos 51:11, Joel 2:28-32, Isa\u00edas 61:1-3, Efesios 1:13-14)[\/mk_icon_box][mk_icon_box icon=&#8221;mk-moon-man&#8221; title=&#8221;EN EL HOMBRE&#8221; text_size=&#8221;24&#8243; font_weight=&#8221;bold&#8221; style=&#8221;simple_ultimate&#8221; icon_size=&#8221;medium&#8221; icon_color=&#8221;#333333&#8243; margin=&#8221;50&#8243;]El hombre fue creado a imagen de Dios, a causa de su pecado fue separado de Dios. Cada ser humano fue creado de una manera \u00fanica. Solo a trav\u00e9s de la Cruz se puede obtener arrepentimiento y perd\u00f3n de pecados. (G\u00e9nesis 1:26-30 \u00b7 Salmos 8:3-6 \u00b7 Jerem\u00edas 17:5 \u00b7 1 Corintios 1:21-31)[\/mk_icon_box][mk_icon_box icon=&#8221;mk-moon-arrow-up&#8221; title=&#8221;EN LA SALVATION&#8221; text_size=&#8221;24&#8243; font_weight=&#8221;bold&#8221; style=&#8221;simple_ultimate&#8221; icon_size=&#8221;medium&#8221; icon_color=&#8221;#333333&#8243; margin=&#8221;50&#8243;]The only way to receive salvation is through the blood of Jesus. Salvation is a gift from God and it only happens when people have a heart ready to surrender at His feet. (Isaiah 1:18, Matthew 1: 21, Acts 2:21, Galatians 2:20)[\/mk_icon_box][mk_icon_box icon=&#8221;mk-moon-home-6&#8243; title=&#8221;EN LA IGLESIA&#8221; text_size=&#8221;24&#8243; font_weight=&#8221;bold&#8221; style=&#8221;simple_ultimate&#8221; icon_size=&#8221;medium&#8221; icon_color=&#8221;#333333&#8243; margin=&#8221;50&#8243;]La iglesia es una comunidad de creyentes que se re\u00fanen para aprender m\u00e1s acerca de la palabra de Dios. Est\u00e1 comprometida a dar las ense\u00f1anzas de Cristo, y desea llevar el evangelio a todo el mundo. La iglesia trabaja en amor y unidad para poder glorificar a Dios. (Mateo 16:18-19 \u00b7 Colosenses 1:18 \u00b7 1 Timoteo 4:14 \u00b7 Apocalipsis 21:2-3)[\/mk_icon_box][mk_padding_divider][\/vc_column][\/vc_row]\n","protected":false},"excerpt":{"rendered":"<p>[mk_page_section bg_image=&#8221;https:\/\/mcichurch.us\/wp-content\/uploads\/2015\/04\/pastores-c-y-c3.jpg&#8221; bg_position=&#8221;center center&#8221; bg_repeat=&#8221;no-repeat&#8221; bg_stretch=&#8221;true&#8221; video_color_mask=&#8221;#000000&#8243; min_height=&#8221;450&#8243; js_vertical_centered=&#8221;true&#8221; padding_top=&#8221;50&#8243; padding_bottom=&#8221;50&#8243; sidebar=&#8221;sidebar-1&#8243; first_page=&#8221;false&#8221; last_page=&#8221;false&#8221;][vc_column][mk_fancy_title color=&#8221;#ffffff&#8221; size=&#8221;50&#8243; force_font_size=&#8221;true&#8221; size_smallscreen=&#8221;42&#8243; size_tablet=&#8221;42&#8243; size_phone=&#8221;42&#8243; font_weight=&#8221;bold&#8221; txt_transform=&#8221;uppercase&#8221; letter_spacing=&#8221;4&#8243; margin_top=&#8221;20&#8243; font_family=&#8221;none&#8221; align=&#8221;center&#8221; el_class=&#8221;g12titles&#8221;]Nuestros Pastores[\/mk_fancy_title][\/vc_column][\/mk_page_section][vc_row css=&#8221;.vc_custom_1552502282973{padding-top: 60px !important;padding-bottom: 50px !important;}&#8221;][vc_column][vc_column_text css=&#8221;.vc_custom_1567813810682{margin-bottom: 0px !important;}&#8221;] Pastor Cesar Castellanos El Pastor C\u00e9sar Castellanos es considerado como un hombre visionario. Cuando no ten\u00eda iglesia, Dios le [&hellip;]<\/p>\n","protected":false},"author":1,"featured_media":0,"parent":0,"menu_order":-1,"comment_status":"open","ping_status":"closed","template":"","meta":{"footnotes":""},"class_list":["post-7011","page","type-page","status-publish","hentry"],"_links":{"self":[{"href":"https:\/\/mcichurch.us\/es\/wp-json\/wp\/v2\/pages\/7011","targetHints":{"allow":["GET"]}}],"collection":[{"href":"https:\/\/mcichurch.us\/es\/wp-json\/wp\/v2\/pages"}],"about":[{"href":"https:\/\/mcichurch.us\/es\/wp-json\/wp\/v2\/types\/page"}],"author":[{"embeddable":true,"href":"https:\/\/mcichurch.us\/es\/wp-json\/wp\/v2\/users\/1"}],"replies":[{"embeddable":true,"href":"https:\/\/mcichurch.us\/es\/wp-json\/wp\/v2\/comments?post=7011"}],"version-history":[{"count":4,"href":"https:\/\/mcichurch.us\/es\/wp-json\/wp\/v2\/pages\/7011\/revisions"}],"predecessor-version":[{"id":7454,"href":"https:\/\/mcichurch.us\/es\/wp-json\/wp\/v2\/pages\/7011\/revisions\/7454"}],"wp:attachment":[{"href":"https:\/\/mcichurch.us\/es\/wp-json\/wp\/v2\/media?parent=7011"}],"curies":[{"name":"wp","href":"https:\/\/api.w.org\/{rel}","templated":true}]}}