{"id":7314,"date":"2019-07-29T23:40:50","date_gmt":"2019-07-30T03:40:50","guid":{"rendered":"https:\/\/g12church.com\/?page_id=7314"},"modified":"2019-07-29T23:40:50","modified_gmt":"2019-07-30T03:40:50","slug":"valores","status":"publish","type":"page","link":"https:\/\/mcichurch.us\/es\/valores\/","title":{"rendered":"Nuestros Valores"},"content":{"rendered":"[mk_page_section bg_image=&#8221;https:\/\/mcichurch.us\/wp-content\/uploads\/2016\/10\/g12-church-home.jpg&#8221; bg_position=&#8221;center center&#8221; bg_repeat=&#8221;no-repeat&#8221; bg_stretch=&#8221;true&#8221; video_color_mask=&#8221;#000000&#8243; video_opacity=&#8221;0.3&#8243; min_height=&#8221;300&#8243; js_vertical_centered=&#8221;true&#8221; padding_top=&#8221;50&#8243; padding_bottom=&#8221;50&#8243; sidebar=&#8221;sidebar-1&#8243; first_page=&#8221;false&#8221; last_page=&#8221;false&#8221;][vc_column][mk_fancy_title color=&#8221;#ffffff&#8221; size=&#8221;50&#8243; force_font_size=&#8221;true&#8221; size_smallscreen=&#8221;42&#8243; size_tablet=&#8221;42&#8243; size_phone=&#8221;42&#8243; font_weight=&#8221;bold&#8221; txt_transform=&#8221;uppercase&#8221; letter_spacing=&#8221;4&#8243; margin_top=&#8221;20&#8243; font_family=&#8221;none&#8221; align=&#8221;center&#8221; el_class=&#8221;g12titles&#8221;]Nuestros Valores[\/mk_fancy_title][\/vc_column][\/mk_page_section][vc_row css=&#8221;.vc_custom_1564437567722{padding-top: 70px !important;padding-bottom: 60px !important;}&#8221;][vc_column][vc_column_text css=&#8221;.vc_custom_1564457525042{margin-bottom: 0px !important;}&#8221;]La Iglesia G12 posee unos claros valores corporativos que la diferencian de cualquier otra entidad, y que la hacen \u00fanica, caracteriz\u00e1ndose como una organizaci\u00f3n con sentido social, que construye principios de vida y que influencia en todas las esferas sociales en donde se encuentra.<\/p>\n<p>Los siguientes valores deben estar presentes en cada miembro, sin importar cual sea su posici\u00f3n dentro de la organizaci\u00f3n, y deben manifestarse en todo lo que como iglesia hacemos.[\/vc_column_text][mk_padding_divider size=&#8221;20&#8243;][mk_custom_box corner_radius=&#8221;10&#8243; margin_bottom=&#8221;20&#8243; el_class=&#8221;values-box&#8221; drop_shadow=&#8221;true&#8221; drop_shadow_color=&#8221;rgba(0,0,0,0.2)&#8221;][vc_row_inner css=&#8221;.vc_custom_1564442256377{padding-top: 25px !important;}&#8221;][vc_column_inner width=&#8221;1\/3&#8243;][mk_fancy_title size=&#8221;24&#8243; font_weight=&#8221;bold&#8221; margin_bottom=&#8221;0&#8243; font_family=&#8221;none&#8221; el_class=&#8221;values-title&#8221;]1. Jes\u00fas es primero[\/mk_fancy_title][\/vc_column_inner][vc_column_inner width=&#8221;2\/3&#8243;][mk_fancy_title size=&#8221;20&#8243; font_family=&#8221;none&#8221; el_class=&#8221;values-subtitles&#8221;]Nuestras prioridades siempre estar\u00e1n en orden[\/mk_fancy_title][\/vc_column_inner][\/vc_row_inner][\/mk_custom_box][mk_custom_box corner_radius=&#8221;10&#8243; margin_bottom=&#8221;20&#8243; drop_shadow=&#8221;true&#8221; drop_shadow_color=&#8221;rgba(0,0,0,0.2)&#8221;][vc_row_inner css=&#8221;.vc_custom_1564442256377{padding-top: 25px !important;}&#8221;][vc_column_inner width=&#8221;1\/3&#8243;][mk_fancy_title size=&#8221;24&#8243; font_weight=&#8221;bold&#8221; margin_bottom=&#8221;0&#8243; font_family=&#8221;none&#8221; el_class=&#8221;values-title&#8221;]2. Somos lideres[\/mk_fancy_title][\/vc_column_inner][vc_column_inner width=&#8221;2\/3&#8243;][mk_fancy_title size=&#8221;20&#8243; font_family=&#8221;none&#8221; el_class=&#8221;values-subtitles&#8221;]No es algo que hacemos, es quienes somos[\/mk_fancy_title][\/vc_column_inner][\/vc_row_inner][\/mk_custom_box][mk_custom_box corner_radius=&#8221;10&#8243; margin_bottom=&#8221;20&#8243; drop_shadow=&#8221;true&#8221; drop_shadow_color=&#8221;rgba(0,0,0,0.2)&#8221;][vc_row_inner css=&#8221;.vc_custom_1564442256377{padding-top: 25px !important;}&#8221;][vc_column_inner width=&#8221;1\/3&#8243;][mk_fancy_title size=&#8221;24&#8243; font_weight=&#8221;bold&#8221; margin_bottom=&#8221;0&#8243; font_family=&#8221;none&#8221; el_class=&#8221;values-title&#8221;]3. Servimos a las personas[\/mk_fancy_title][\/vc_column_inner][vc_column_inner width=&#8221;2\/3&#8243;][mk_fancy_title size=&#8221;20&#8243; font_family=&#8221;none&#8221; el_class=&#8221;values-subtitles&#8221;]A trav\u00e9s del liderazgo de servicio[\/mk_fancy_title][\/vc_column_inner][\/vc_row_inner][\/mk_custom_box][mk_custom_box corner_radius=&#8221;10&#8243; margin_bottom=&#8221;20&#8243; drop_shadow=&#8221;true&#8221; drop_shadow_color=&#8221;rgba(0,0,0,0.2)&#8221;][vc_row_inner css=&#8221;.vc_custom_1564442256377{padding-top: 25px !important;}&#8221;][vc_column_inner width=&#8221;1\/3&#8243;][mk_fancy_title size=&#8221;24&#8243; font_weight=&#8221;bold&#8221; margin_bottom=&#8221;0&#8243; font_family=&#8221;none&#8221; el_class=&#8221;values-title&#8221;]4. Honramos a otros[\/mk_fancy_title][\/vc_column_inner][vc_column_inner width=&#8221;2\/3&#8243;][mk_fancy_title size=&#8221;20&#8243; font_family=&#8221;none&#8221; el_class=&#8221;values-subtitles&#8221;]Para honrar a Dios[\/mk_fancy_title][\/vc_column_inner][\/vc_row_inner][\/mk_custom_box][mk_custom_box corner_radius=&#8221;10&#8243; margin_bottom=&#8221;20&#8243; drop_shadow=&#8221;true&#8221; drop_shadow_color=&#8221;rgba(0,0,0,0.2)&#8221;][vc_row_inner css=&#8221;.vc_custom_1564442256377{padding-top: 25px !important;}&#8221;][vc_column_inner width=&#8221;1\/3&#8243;][mk_fancy_title size=&#8221;24&#8243; font_weight=&#8221;bold&#8221; margin_bottom=&#8221;0&#8243; font_family=&#8221;none&#8221; el_class=&#8221;values-title&#8221;]5. Valoramos la excelencia[\/mk_fancy_title][\/vc_column_inner][vc_column_inner width=&#8221;2\/3&#8243;][mk_fancy_title size=&#8221;20&#8243; font_family=&#8221;none&#8221; el_class=&#8221;values-subtitles&#8221;]Representamos el reino de Dios en la tierra[\/mk_fancy_title][\/vc_column_inner][\/vc_row_inner][\/mk_custom_box][mk_custom_box corner_radius=&#8221;10&#8243; margin_bottom=&#8221;20&#8243; drop_shadow=&#8221;true&#8221; drop_shadow_color=&#8221;rgba(0,0,0,0.2)&#8221;][vc_row_inner css=&#8221;.vc_custom_1564442256377{padding-top: 25px !important;}&#8221;][vc_column_inner width=&#8221;1\/3&#8243;][mk_fancy_title size=&#8221;24&#8243; font_weight=&#8221;bold&#8221; margin_bottom=&#8221;0&#8243; font_family=&#8221;none&#8221; el_class=&#8221;values-title&#8221;]6. Somos generosos[\/mk_fancy_title][\/vc_column_inner][vc_column_inner width=&#8221;2\/3&#8243;][mk_fancy_title size=&#8221;20&#8243; font_family=&#8221;none&#8221; el_class=&#8221;values-subtitles&#8221;]Entendemos que es mejor dar que recibir[\/mk_fancy_title][\/vc_column_inner][\/vc_row_inner][\/mk_custom_box][mk_custom_box corner_radius=&#8221;10&#8243; margin_bottom=&#8221;20&#8243; drop_shadow=&#8221;true&#8221; drop_shadow_color=&#8221;rgba(0,0,0,0.2)&#8221;][vc_row_inner css=&#8221;.vc_custom_1564442256377{padding-top: 25px !important;}&#8221;][vc_column_inner width=&#8221;1\/3&#8243;][mk_fancy_title size=&#8221;24&#8243; font_weight=&#8221;bold&#8221; margin_bottom=&#8221;0&#8243; font_family=&#8221;none&#8221; el_class=&#8221;values-title&#8221;]7. Somos innovadores[\/mk_fancy_title][\/vc_column_inner][vc_column_inner width=&#8221;2\/3&#8243;][mk_fancy_title size=&#8221;20&#8243; font_family=&#8221;none&#8221; el_class=&#8221;values-subtitles&#8221;]Estamos buscando nuevas maneras de expandir el reino de Dios[\/mk_fancy_title][\/vc_column_inner][\/vc_row_inner][\/mk_custom_box][mk_custom_box corner_radius=&#8221;10&#8243; margin_bottom=&#8221;20&#8243; drop_shadow=&#8221;true&#8221; drop_shadow_color=&#8221;rgba(0,0,0,0.2)&#8221;][vc_row_inner css=&#8221;.vc_custom_1564442256377{padding-top: 25px !important;}&#8221;][vc_column_inner width=&#8221;1\/3&#8243;][mk_fancy_title size=&#8221;24&#8243; font_weight=&#8221;bold&#8221; margin_bottom=&#8221;0&#8243; font_family=&#8221;none&#8221; el_class=&#8221;values-title&#8221;]8. Vivimos con integridad[\/mk_fancy_title][\/vc_column_inner][vc_column_inner width=&#8221;2\/3&#8243;][mk_fancy_title size=&#8221;20&#8243; font_family=&#8221;none&#8221; el_class=&#8221;values-subtitles&#8221;]Decimos lo que hacemos y hacemos lo que decimos[\/mk_fancy_title][\/vc_column_inner][\/vc_row_inner][\/mk_custom_box][\/vc_column][\/vc_row]\n","protected":false},"excerpt":{"rendered":"<p>[mk_page_section bg_image=&#8221;https:\/\/mcichurch.us\/wp-content\/uploads\/2016\/10\/g12-church-home.jpg&#8221; bg_position=&#8221;center center&#8221; bg_repeat=&#8221;no-repeat&#8221; bg_stretch=&#8221;true&#8221; video_color_mask=&#8221;#000000&#8243; video_opacity=&#8221;0.3&#8243; min_height=&#8221;300&#8243; js_vertical_centered=&#8221;true&#8221; padding_top=&#8221;50&#8243; padding_bottom=&#8221;50&#8243; sidebar=&#8221;sidebar-1&#8243; first_page=&#8221;false&#8221; last_page=&#8221;false&#8221;][vc_column][mk_fancy_title color=&#8221;#ffffff&#8221; size=&#8221;50&#8243; force_font_size=&#8221;true&#8221; size_smallscreen=&#8221;42&#8243; size_tablet=&#8221;42&#8243; size_phone=&#8221;42&#8243; font_weight=&#8221;bold&#8221; txt_transform=&#8221;uppercase&#8221; letter_spacing=&#8221;4&#8243; margin_top=&#8221;20&#8243; font_family=&#8221;none&#8221; align=&#8221;center&#8221; el_class=&#8221;g12titles&#8221;]Nuestros Valores[\/mk_fancy_title][\/vc_column][\/mk_page_section][vc_row css=&#8221;.vc_custom_1564437567722{padding-top: 70px !important;padding-bottom: 60px !important;}&#8221;][vc_column][vc_column_text css=&#8221;.vc_custom_1564457525042{margin-bottom: 0px !important;}&#8221;]La Iglesia G12 posee unos claros valores corporativos que la diferencian de cualquier otra entidad, y que la hacen [&hellip;]<\/p>\n","protected":false},"author":1,"featured_media":0,"parent":0,"menu_order":0,"comment_status":"open","ping_status":"open","template":"","meta":{"footnotes":""},"class_list":["post-7314","page","type-page","status-publish","hentry"],"_links":{"self":[{"href":"https:\/\/mcichurch.us\/es\/wp-json\/wp\/v2\/pages\/7314","targetHints":{"allow":["GET"]}}],"collection":[{"href":"https:\/\/mcichurch.us\/es\/wp-json\/wp\/v2\/pages"}],"about":[{"href":"https:\/\/mcichurch.us\/es\/wp-json\/wp\/v2\/types\/page"}],"author":[{"embeddable":true,"href":"https:\/\/mcichurch.us\/es\/wp-json\/wp\/v2\/users\/1"}],"replies":[{"embeddable":true,"href":"https:\/\/mcichurch.us\/es\/wp-json\/wp\/v2\/comments?post=7314"}],"version-history":[{"count":1,"href":"https:\/\/mcichurch.us\/es\/wp-json\/wp\/v2\/pages\/7314\/revisions"}],"predecessor-version":[{"id":7328,"href":"https:\/\/mcichurch.us\/es\/wp-json\/wp\/v2\/pages\/7314\/revisions\/7328"}],"wp:attachment":[{"href":"https:\/\/mcichurch.us\/es\/wp-json\/wp\/v2\/media?parent=7314"}],"curies":[{"name":"wp","href":"https:\/\/api.w.org\/{rel}","templated":true}]}}