{"id":7674,"date":"2019-11-14T19:17:19","date_gmt":"2019-11-15T00:17:19","guid":{"rendered":"https:\/\/g12church.com\/?page_id=7674"},"modified":"2019-11-21T18:42:45","modified_gmt":"2019-11-21T23:42:45","slug":"amor","status":"publish","type":"page","link":"https:\/\/mcichurch.us\/es\/amor\/","title":{"rendered":"Amor por mi casa"},"content":{"rendered":"[mk_page_section bg_image=&#8221;https:\/\/mcichurch.us\/wp-content\/uploads\/2019\/11\/love-bg.jpg&#8221; bg_position=&#8221;center center&#8221; bg_repeat=&#8221;no-repeat&#8221; bg_stretch=&#8221;true&#8221; video_opacity=&#8221;0&#8243; min_height=&#8221;410&#8243; js_vertical_centered=&#8221;true&#8221; padding_top=&#8221;50&#8243; padding_bottom=&#8221;0&#8243; margin_bottom=&#8221;20&#8243; sidebar=&#8221;sidebar-1&#8243; first_page=&#8221;false&#8221; last_page=&#8221;false&#8221;][vc_column width=&#8221;1\/3&#8243;][\/vc_column][vc_column width=&#8221;1\/3&#8243;][vc_single_image image=&#8221;7687&#8243; img_size=&#8221;full&#8221; alignment=&#8221;center&#8221;][\/vc_column][vc_column width=&#8221;1\/3&#8243;][\/vc_column][\/mk_page_section][mk_page_section padding_top=&#8221;20&#8243; padding_bottom=&#8221;0&#8243; margin_bottom=&#8221;10&#8243; sidebar=&#8221;sidebar-1&#8243;][vc_column][vc_raw_html]JTNDZGl2JTIwc3R5bGUlM0QlMjJwYWRkaW5nJTNBNDIuODElMjUlMjAwJTIwMCUyMDAlM0Jwb3NpdGlvbiUzQXJlbGF0aXZlJTNCJTIyJTNFJTNDaWZyYW1lJTIwc3JjJTNEJTIyaHR0cHMlM0ElMkYlMkZwbGF5ZXIudmltZW8uY29tJTJGdmlkZW8lMkYzNzMyNDkyMzElM0Z0aXRsZSUzRDAlMjZieWxpbmUlM0QwJTI2cG9ydHJhaXQlM0QwJTIyJTIwc3R5bGUlM0QlMjJwb3NpdGlvbiUzQWFic29sdXRlJTNCdG9wJTNBMCUzQmxlZnQlM0EwJTNCd2lkdGglM0ExMDAlMjUlM0JoZWlnaHQlM0ExMDAlMjUlM0IlMjIlMjBmcmFtZWJvcmRlciUzRCUyMjAlMjIlMjBhbGxvdyUzRCUyMmF1dG9wbGF5JTNCJTIwZnVsbHNjcmVlbiUyMiUyMGFsbG93ZnVsbHNjcmVlbiUzRSUzQyUyRmlmcmFtZSUzRSUzQyUyRmRpdiUzRSUzQ3NjcmlwdCUyMHNyYyUzRCUyMmh0dHBzJTNBJTJGJTJGcGxheWVyLnZpbWVvLmNvbSUyRmFwaSUyRnBsYXllci5qcyUyMiUzRSUzQyUyRnNjcmlwdCUzRQ==[\/vc_raw_html][mk_button dimension=&#8221;outline&#8221; size=&#8221;large&#8221; url=&#8221;https:\/\/mcichurchus.churchcenter.com\/giving\/to\/love-for-my-house-amor-por-mi-casa?open-in-church-center-modal=true&#8221; align=&#8221;center&#8221; margin_top=&#8221;30&#8243; margin_bottom=&#8221;30&#8243; margin_right=&#8221;0&#8243;]DAR ONLINE[\/mk_button][\/vc_column][\/mk_page_section][mk_page_section bg_color=&#8221;#e5e5e5&#8243; js_vertical_centered=&#8221;true&#8221; padding_top=&#8221;0&#8243; padding_bottom=&#8221;0&#8243; margin_bottom=&#8221;10&#8243; sidebar=&#8221;sidebar-1&#8243;][vc_column width=&#8221;1\/3&#8243; css=&#8221;.vc_custom_1574375714624{padding-top: 20px !important;padding-right: 50px !important;padding-bottom: 20px !important;padding-left: 50px !important;}&#8221;][mk_padding_divider size=&#8221;30&#8243; visibility=&#8221;hidden-sm&#8221;][mk_fancy_title size=&#8221;16&#8243; line_height=&#8221;150&#8243; margin_bottom=&#8221;0&#8243; font_family=&#8221;none&#8221; el_class=&#8221;boxed-text&#8221;]<span style=\"font-weight: 400;\">Nos sentimos privilegiados de ser parte de este sue\u00f1o. MCI Church m\u00e1s que una iglesia es una familia. Este a\u00f1o hemos vivido momentos impactantes. Hemos sido testigos de grandes milagros, vidas cambiadas, familias restauradas y nuevos comienzos para muchas personas. <\/span>[\/mk_fancy_title][mk_padding_divider size=&#8221;30&#8243; visibility=&#8221;hidden-sm&#8221;][\/vc_column][vc_column width=&#8221;2\/3&#8243;][vc_single_image image=&#8221;7731&#8243; img_size=&#8221;full&#8221; alignment=&#8221;center&#8221;][mk_padding_divider size=&#8221;30&#8243; visibility=&#8221;visible-sm&#8221;][\/vc_column][\/mk_page_section][mk_page_section bg_color=&#8221;#e5e5e5&#8243; js_vertical_centered=&#8221;true&#8221; padding_top=&#8221;0&#8243; padding_bottom=&#8221;0&#8243; sidebar=&#8221;sidebar-1&#8243;][vc_column width=&#8221;2\/3&#8243;][mk_padding_divider size=&#8221;30&#8243; visibility=&#8221;visible-sm&#8221;][vc_single_image image=&#8221;7733&#8243; img_size=&#8221;full&#8221; alignment=&#8221;center&#8221;][\/vc_column][vc_column width=&#8221;1\/3&#8243; css=&#8221;.vc_custom_1574375731060{padding-top: 20px !important;padding-right: 50px !important;padding-bottom: 20px !important;padding-left: 50px !important;}&#8221;][mk_padding_divider size=&#8221;30&#8243; visibility=&#8221;hidden-sm&#8221;][mk_fancy_title size=&#8221;16&#8243; line_height=&#8221;150&#8243; margin_bottom=&#8221;0&#8243; font_family=&#8221;none&#8221; el_class=&#8221;boxed-text&#8221;]<span style=\"font-weight: 400;\">Este es un lugar donde suceden milagros y esta ciudad necesita que nos levantemos como una luz de esperanza. Deseamos reflejar el reino de Dios con excelencia. Y que nuestra casa sea refugio para miles de personas que lo necesitan. Juntos haremos que este sea un lugar de amor, fe y esperanza.\u00a0<\/span>[\/mk_fancy_title][mk_padding_divider size=&#8221;30&#8243; visibility=&#8221;hidden-sm&#8221;][\/vc_column][\/mk_page_section][mk_page_section js_vertical_centered=&#8221;true&#8221; padding_top=&#8221;40&#8243; padding_bottom=&#8221;40&#8243; margin_bottom=&#8221;10&#8243; sidebar=&#8221;sidebar-1&#8243;][vc_column width=&#8221;1\/3&#8243; css=&#8221;.vc_custom_1574375493482{padding-top: 43px !important;padding-right: 30px !important;padding-bottom: 30px !important;padding-left: 30px !important;background-color: #e5e5e5 !important;}&#8221;][mk_fancy_title tag_name=&#8221;span&#8221; size=&#8221;18&#8243; line_height=&#8221;150&#8243; font_weight=&#8221;bolder&#8221; margin_bottom=&#8221;0&#8243; font_family=&#8221;none&#8221; align=&#8221;center&#8221;]<span style=\"color: #404040;\">LA PROMESA QUE HAY SOBRE TI<\/span>[\/mk_fancy_title][\/vc_column][vc_column width=&#8221;2\/3&#8243; css=&#8221;.vc_custom_1574375484984{padding-top: 22px !important;padding-right: 40px !important;padding-bottom: 10px !important;padding-left: 40px !important;background-color: #f8d302 !important;}&#8221;][mk_fancy_title size=&#8221;16&#8243; line_height=&#8221;150&#8243; font_weight=&#8221;bolder&#8221; margin_top=&#8221;10&#8243; margin_bottom=&#8221;10&#8243; font_family=&#8221;none&#8221;]<span style=\"font-weight: 400;\">\u00a0&#8220;Mi Dios, pues, suplir\u00e1 todo lo que os falta conforme a sus riquezas en gloria en Cristo Jes\u00fas.&#8221; Filipenses 4:19<\/span>[\/mk_fancy_title][\/vc_column][\/mk_page_section][vc_row][vc_column width=&#8221;1\/3&#8243;][\/vc_column][vc_column width=&#8221;1\/3&#8243;][mk_fancy_title tag_name=&#8221;span&#8221; size=&#8221;18&#8243; line_height=&#8221;150&#8243; font_weight=&#8221;bolder&#8221; txt_transform=&#8221;uppercase&#8221; margin_bottom=&#8221;0&#8243; font_family=&#8221;none&#8221; align=&#8221;center&#8221;]<span style=\"color: #404040;\">Cuando t\u00fa construyes casa para Dios, Dios construye tu casa<\/span>[\/mk_fancy_title][mk_button dimension=&#8221;outline&#8221; size=&#8221;large&#8221; url=&#8221;https:\/\/mcichurchus.churchcenter.com\/giving\/to\/love-for-my-house-amor-por-mi-casa?open-in-church-center-modal=true&#8221; align=&#8221;center&#8221; margin_bottom=&#8221;30&#8243; margin_right=&#8221;0&#8243;]DAR ONLINE[\/mk_button][\/vc_column][vc_column width=&#8221;1\/3&#8243;][\/vc_column][\/vc_row]\n","protected":false},"excerpt":{"rendered":"<p>[mk_page_section bg_image=&#8221;https:\/\/mcichurch.us\/wp-content\/uploads\/2019\/11\/love-bg.jpg&#8221; bg_position=&#8221;center center&#8221; bg_repeat=&#8221;no-repeat&#8221; bg_stretch=&#8221;true&#8221; video_opacity=&#8221;0&#8243; min_height=&#8221;410&#8243; js_vertical_centered=&#8221;true&#8221; padding_top=&#8221;50&#8243; padding_bottom=&#8221;0&#8243; margin_bottom=&#8221;20&#8243; sidebar=&#8221;sidebar-1&#8243; first_page=&#8221;false&#8221; last_page=&#8221;false&#8221;][vc_column width=&#8221;1\/3&#8243;][\/vc_column][vc_column width=&#8221;1\/3&#8243;][vc_single_image image=&#8221;7687&#8243; img_size=&#8221;full&#8221; alignment=&#8221;center&#8221;][\/vc_column][vc_column width=&#8221;1\/3&#8243;][\/vc_column][\/mk_page_section][mk_page_section padding_top=&#8221;20&#8243; padding_bottom=&#8221;0&#8243; margin_bottom=&#8221;10&#8243; sidebar=&#8221;sidebar-1&#8243;][vc_column][vc_raw_html]JTNDZGl2JTIwc3R5bGUlM0QlMjJwYWRkaW5nJTNBNDIuODElMjUlMjAwJTIwMCUyMDAlM0Jwb3NpdGlvbiUzQXJlbGF0aXZlJTNCJTIyJTNFJTNDaWZyYW1lJTIwc3JjJTNEJTIyaHR0cHMlM0ElMkYlMkZwbGF5ZXIudmltZW8uY29tJTJGdmlkZW8lMkYzNzMyNDkyMzElM0Z0aXRsZSUzRDAlMjZieWxpbmUlM0QwJTI2cG9ydHJhaXQlM0QwJTIyJTIwc3R5bGUlM0QlMjJwb3NpdGlvbiUzQWFic29sdXRlJTNCdG9wJTNBMCUzQmxlZnQlM0EwJTNCd2lkdGglM0ExMDAlMjUlM0JoZWlnaHQlM0ExMDAlMjUlM0IlMjIlMjBmcmFtZWJvcmRlciUzRCUyMjAlMjIlMjBhbGxvdyUzRCUyMmF1dG9wbGF5JTNCJTIwZnVsbHNjcmVlbiUyMiUyMGFsbG93ZnVsbHNjcmVlbiUzRSUzQyUyRmlmcmFtZSUzRSUzQyUyRmRpdiUzRSUzQ3NjcmlwdCUyMHNyYyUzRCUyMmh0dHBzJTNBJTJGJTJGcGxheWVyLnZpbWVvLmNvbSUyRmFwaSUyRnBsYXllci5qcyUyMiUzRSUzQyUyRnNjcmlwdCUzRQ==[\/vc_raw_html][mk_button dimension=&#8221;outline&#8221; size=&#8221;large&#8221; url=&#8221;https:\/\/mcichurchus.churchcenter.com\/giving\/to\/love-for-my-house-amor-por-mi-casa?open-in-church-center-modal=true&#8221; align=&#8221;center&#8221; margin_top=&#8221;30&#8243; margin_bottom=&#8221;30&#8243; margin_right=&#8221;0&#8243;]DAR ONLINE[\/mk_button][\/vc_column][\/mk_page_section][mk_page_section bg_color=&#8221;#e5e5e5&#8243; js_vertical_centered=&#8221;true&#8221; padding_top=&#8221;0&#8243; padding_bottom=&#8221;0&#8243; margin_bottom=&#8221;10&#8243; sidebar=&#8221;sidebar-1&#8243;][vc_column width=&#8221;1\/3&#8243; css=&#8221;.vc_custom_1574375714624{padding-top: 20px !important;padding-right: 50px !important;padding-bottom: 20px !important;padding-left: 50px !important;}&#8221;][mk_padding_divider size=&#8221;30&#8243; visibility=&#8221;hidden-sm&#8221;][mk_fancy_title size=&#8221;16&#8243; line_height=&#8221;150&#8243; margin_bottom=&#8221;0&#8243; font_family=&#8221;none&#8221; [&hellip;]<\/p>\n","protected":false},"author":1,"featured_media":7678,"parent":0,"menu_order":-1,"comment_status":"open","ping_status":"closed","template":"","meta":{"footnotes":""},"class_list":["post-7674","page","type-page","status-publish","has-post-thumbnail","hentry"],"_links":{"self":[{"href":"https:\/\/mcichurch.us\/es\/wp-json\/wp\/v2\/pages\/7674","targetHints":{"allow":["GET"]}}],"collection":[{"href":"https:\/\/mcichurch.us\/es\/wp-json\/wp\/v2\/pages"}],"about":[{"href":"https:\/\/mcichurch.us\/es\/wp-json\/wp\/v2\/types\/page"}],"author":[{"embeddable":true,"href":"https:\/\/mcichurch.us\/es\/wp-json\/wp\/v2\/users\/1"}],"replies":[{"embeddable":true,"href":"https:\/\/mcichurch.us\/es\/wp-json\/wp\/v2\/comments?post=7674"}],"version-history":[{"count":12,"href":"https:\/\/mcichurch.us\/es\/wp-json\/wp\/v2\/pages\/7674\/revisions"}],"predecessor-version":[{"id":7738,"href":"https:\/\/mcichurch.us\/es\/wp-json\/wp\/v2\/pages\/7674\/revisions\/7738"}],"wp:featuredmedia":[{"embeddable":true,"href":"https:\/\/mcichurch.us\/es\/wp-json\/wp\/v2\/media\/7678"}],"wp:attachment":[{"href":"https:\/\/mcichurch.us\/es\/wp-json\/wp\/v2\/media?parent=7674"}],"curies":[{"name":"wp","href":"https:\/\/api.w.org\/{rel}","templated":true}]}}