{"id":7740,"date":"2019-11-26T23:08:08","date_gmt":"2019-11-27T04:08:08","guid":{"rendered":"https:\/\/g12church.com\/?page_id=7740"},"modified":"2019-11-26T23:08:08","modified_gmt":"2019-11-27T04:08:08","slug":"social","status":"publish","type":"page","link":"https:\/\/mcichurch.us\/es\/social\/","title":{"rendered":"Social"},"content":{"rendered":"[mk_page_section bg_image=&#8221;https:\/\/mcichurch.us\/wp-content\/uploads\/2019\/11\/takes-miami.png&#8221; bg_position=&#8221;center center&#8221; bg_repeat=&#8221;no-repeat&#8221; bg_stretch=&#8221;true&#8221; video_opacity=&#8221;0&#8243; min_height=&#8221;300&#8243; js_vertical_centered=&#8221;true&#8221; padding_top=&#8221;50&#8243; padding_bottom=&#8221;50&#8243; margin_bottom=&#8221;35&#8243; sidebar=&#8221;sidebar-1&#8243; first_page=&#8221;false&#8221; last_page=&#8221;false&#8221;][vc_column][mk_fancy_title color=&#8221;#ffffff&#8221; size=&#8221;50&#8243; force_font_size=&#8221;true&#8221; size_smallscreen=&#8221;42&#8243; size_tablet=&#8221;42&#8243; size_phone=&#8221;42&#8243; font_weight=&#8221;bold&#8221; txt_transform=&#8221;uppercase&#8221; letter_spacing=&#8221;4&#8243; margin_top=&#8221;20&#8243; font_family=&#8221;none&#8221; align=&#8221;center&#8221; el_class=&#8221;g12titles&#8221;][\/mk_fancy_title][\/vc_column][\/mk_page_section][vc_row][vc_column][vc_column_text css=&#8221;.vc_custom_1574827565345{margin-bottom: 0px !important;}&#8221;]\n<p style=\"text-align: center;\"><strong>Fecha:<\/strong> 8 de diciembre<\/p>\n<p style=\"text-align: center;\"><strong>Hora:<\/strong> 2 pm (Nos encontraremos en la iglesia)<\/p>\n<p style=\"text-align: center;\"><strong>Importante:<\/strong><br \/>\nEs NECESARIO registrarse para poder servir y ser mayor de 12 a\u00f1os.<\/p>\n<p style=\"text-align: center;\">\u00a1Como iglesia nos encanta dar y diciembre es el mes para hacerlo! Toma este tiempo para pensar c\u00f3mo puedes servir a otros y celebrar la Navidad con un esp\u00edritu generoso.<\/p>\n[\/vc_column_text][\/vc_column][\/vc_row][vc_row css=&#8221;.vc_custom_1574826833254{padding-top: 20px !important;padding-bottom: 20px !important;}&#8221;][vc_column width=&#8221;1\/4&#8243;][vc_single_image image=&#8221;7743&#8243; img_size=&#8221;full&#8221; alignment=&#8221;center&#8221;][vc_column_text css=&#8221;.vc_custom_1574827594471{margin-bottom: 0px !important;}&#8221;]\n<h3>HIS HOUSE<\/h3>\n<p>La misi\u00f3n de His House Children\u2019s Homes es restaurar las vidas de los ni\u00f1os y familia en crisis. Similar a lo que hicimos el a\u00f1o pasado, MCI Church ser\u00e1 el anfitri\u00f3n de un d\u00eda deportivo para los ni\u00f1os internacionales que viven en la casa. \u00a1TRAE TU ROPA DEPORTIVA Y TU SONRISA! Todos los voluntarios deben ser mayores de 18 a\u00f1os.[\/vc_column_text][\/vc_column][vc_column width=&#8221;1\/4&#8243;][vc_single_image image=&#8221;7745&#8243; img_size=&#8221;full&#8221; alignment=&#8221;center&#8221;][vc_column_text css=&#8221;.vc_custom_1574827607797{margin-bottom: 0px !important;}&#8221;]\n<h3>Mi Iglesia, Mi Casa (G12 CHURCH)<\/h3>\n<p>No hay mejor manera de servir la comunidad de Miami Gardens que servir en nuestra propia iglesia. \u00danete a nuestra iniciativa de hermosear nuestra iglesia. Este proyecto incluye limpiar y pintar. \u00a1TODAS LAS EDADES SON BIENVENIDAS![\/vc_column_text][\/vc_column][vc_column width=&#8221;1\/4&#8243;][vc_single_image image=&#8221;7748&#8243; img_size=&#8221;full&#8221; alignment=&#8221;center&#8221;][vc_column_text css=&#8221;.vc_custom_1574827628695{margin-bottom: 0px !important;}&#8221;]\n<h3>Proyecto para el medio ambiente<\/h3>\n<p>Aqu\u00ed en MCI Church creemos que es nuestra responsabilidad cuidar nuestro planeta. Un equipo de voluntarios dirigir\u00e1 un proyecto para ayudar hacer de nuestro planeta un lugar mejor. Este proyecto incluye plantar \u00e1rboles y limpiar las playas. \u00a1TODAS LAS EDADES SON BIENVENIDAS![\/vc_column_text][\/vc_column][vc_column width=&#8221;1\/4&#8243;][vc_single_image image=&#8221;7750&#8243; img_size=&#8221;full&#8221; alignment=&#8221;center&#8221;][vc_column_text css=&#8221;.vc_custom_1574827659336{margin-bottom: 0px !important;}&#8221;]\n<h3>Luz del Mundo Tour<\/h3>\n<p>Voluntarios ir\u00e1n por las calles de Miami Gardens para decirle a las familias de nuestra ciudad qu\u00e9 hay una iglesia en el patio de su casa que los quiere cuidar y servir. Como grupo iremos por las 4 zonas principales que rodean nuestra iglesia (Miami Gardens, North Miami , SkyLake y Ives Dairy) y compartiremos el mensaje que \u00a1\u00c9L ES LA LUZ! \u00a1TODAS LAS EDADES SON BIENVENIDAS![\/vc_column_text][\/vc_column][\/vc_row][vc_row][vc_column][mk_button dimension=&#8221;outline&#8221; size=&#8221;large&#8221; url=&#8221;https:\/\/mcichurchus.churchcenter.com\/registrations\/events\/337200&#8243; align=&#8221;center&#8221; margin_bottom=&#8221;25&#8243; margin_right=&#8221;0&#8243;]REGISTRATE HOY![\/mk_button][\/vc_column][\/vc_row]\n","protected":false},"excerpt":{"rendered":"<p>[mk_page_section bg_image=&#8221;https:\/\/mcichurch.us\/wp-content\/uploads\/2019\/11\/takes-miami.png&#8221; bg_position=&#8221;center center&#8221; bg_repeat=&#8221;no-repeat&#8221; bg_stretch=&#8221;true&#8221; video_opacity=&#8221;0&#8243; min_height=&#8221;300&#8243; js_vertical_centered=&#8221;true&#8221; padding_top=&#8221;50&#8243; padding_bottom=&#8221;50&#8243; margin_bottom=&#8221;35&#8243; sidebar=&#8221;sidebar-1&#8243; first_page=&#8221;false&#8221; last_page=&#8221;false&#8221;][vc_column][mk_fancy_title color=&#8221;#ffffff&#8221; size=&#8221;50&#8243; force_font_size=&#8221;true&#8221; size_smallscreen=&#8221;42&#8243; size_tablet=&#8221;42&#8243; size_phone=&#8221;42&#8243; font_weight=&#8221;bold&#8221; txt_transform=&#8221;uppercase&#8221; letter_spacing=&#8221;4&#8243; margin_top=&#8221;20&#8243; font_family=&#8221;none&#8221; align=&#8221;center&#8221; el_class=&#8221;g12titles&#8221;][\/mk_fancy_title][\/vc_column][\/mk_page_section][vc_row][vc_column][vc_column_text css=&#8221;.vc_custom_1574827565345{margin-bottom: 0px !important;}&#8221;] Fecha: 8 de diciembre Hora: 2 pm (Nos encontraremos en la iglesia) Importante: Es NECESARIO registrarse para poder servir y ser mayor de 12 [&hellip;]<\/p>\n","protected":false},"author":1,"featured_media":7742,"parent":0,"menu_order":-1,"comment_status":"open","ping_status":"closed","template":"","meta":{"footnotes":""},"class_list":["post-7740","page","type-page","status-publish","has-post-thumbnail","hentry"],"_links":{"self":[{"href":"https:\/\/mcichurch.us\/es\/wp-json\/wp\/v2\/pages\/7740","targetHints":{"allow":["GET"]}}],"collection":[{"href":"https:\/\/mcichurch.us\/es\/wp-json\/wp\/v2\/pages"}],"about":[{"href":"https:\/\/mcichurch.us\/es\/wp-json\/wp\/v2\/types\/page"}],"author":[{"embeddable":true,"href":"https:\/\/mcichurch.us\/es\/wp-json\/wp\/v2\/users\/1"}],"replies":[{"embeddable":true,"href":"https:\/\/mcichurch.us\/es\/wp-json\/wp\/v2\/comments?post=7740"}],"version-history":[{"count":2,"href":"https:\/\/mcichurch.us\/es\/wp-json\/wp\/v2\/pages\/7740\/revisions"}],"predecessor-version":[{"id":7762,"href":"https:\/\/mcichurch.us\/es\/wp-json\/wp\/v2\/pages\/7740\/revisions\/7762"}],"wp:featuredmedia":[{"embeddable":true,"href":"https:\/\/mcichurch.us\/es\/wp-json\/wp\/v2\/media\/7742"}],"wp:attachment":[{"href":"https:\/\/mcichurch.us\/es\/wp-json\/wp\/v2\/media?parent=7740"}],"curies":[{"name":"wp","href":"https:\/\/api.w.org\/{rel}","templated":true}]}}