{"id":8842,"date":"2020-10-16T03:08:55","date_gmt":"2020-10-16T07:08:55","guid":{"rendered":"https:\/\/mcichurch.us\/udelavida\/"},"modified":"2023-03-19T02:01:20","modified_gmt":"2023-03-19T06:01:20","slug":"udelavida","status":"publish","type":"page","link":"https:\/\/mcichurch.us\/es\/udelavida\/","title":{"rendered":"Universidad de la Vida: MCI Church"},"content":{"rendered":"[mk_page_section bg_gradient=&#8221;horizontal&#8221; video_color_mask=&#8221;#c2c700&#8243; gr_end=&#8221;#00c38c&#8221; min_height=&#8221;50&#8243; sidebar=&#8221;sidebar-1&#8243;][vc_column][\/vc_column][\/mk_page_section][mk_page_section bg_image=&#8221;https:\/\/mcichurch.us\/wp-content\/uploads\/2020\/10\/fondo.png&#8221; bg_repeat=&#8221;no-repeat&#8221; bg_stretch=&#8221;true&#8221; min_height=&#8221;50&#8243; padding_top=&#8221;20&#8243; padding_bottom=&#8221;40&#8243; sidebar=&#8221;sidebar-1&#8243;][vc_column][vc_row_inner el_class=&#8221;udv-logo&#8221;][vc_column_inner width=&#8221;1\/3&#8243;][\/vc_column_inner][vc_column_inner width=&#8221;1\/3&#8243;][vc_single_image image=&#8221;8804&#8243; img_size=&#8221;full&#8221; alignment=&#8221;center&#8221; css=&#8221;.vc_custom_1662139532218{margin-bottom: 10px !important;}&#8221;][mk_button dimension=&#8221;flat&#8221; corner_style=&#8221;rounded&#8221; size=&#8221;medium&#8221; url=&#8221;https:\/\/mcichurchus.churchcenter.com\/registrations&#8221; align=&#8221;center&#8221; fullwidth=&#8221;true&#8221; margin_right=&#8221;0&#8243; bg_color=&#8221;#494749&#8243; btn_hover_bg=&#8221;#000000&#8243;]REG\u00cdSTRATE AQU\u00cd[\/mk_button][\/vc_column_inner][vc_column_inner width=&#8221;1\/3&#8243;][\/vc_column_inner][\/vc_row_inner][\/vc_column][\/mk_page_section][mk_page_section bg_gradient=&#8221;horizontal&#8221; video_color_mask=&#8221;#c2c700&#8243; gr_end=&#8221;#00c38c&#8221; min_height=&#8221;50&#8243; sidebar=&#8221;sidebar-1&#8243;][vc_column][\/vc_column][\/mk_page_section][mk_page_section bg_image=&#8221;https:\/\/mcichurch.us\/wp-content\/uploads\/2020\/10\/fondo.png&#8221; bg_repeat=&#8221;no-repeat&#8221; bg_stretch=&#8221;true&#8221; padding_top=&#8221;50&#8243; padding_bottom=&#8221;50&#8243; sidebar=&#8221;sidebar-1&#8243;][vc_column][vc_column_text align=&#8221;center&#8221; css=&#8221;.vc_custom_1602969378752{margin-bottom: 0px !important;}&#8221;]\n<h2><strong>VIVE LA EXPERIENCIA<\/strong><strong>\u00a0<\/strong><\/h2>\n<p>No importa en qu\u00e9 etapa de tu vida est\u00e9s, te invitamos a hacer parte de una experiencia que realmente cambiar\u00e1 tu vida, te ayudar\u00e1 a crecer en la fe, y a conectarte con otras personas que est\u00e1n en una b\u00fasqueda similar a la tuya.<\/p>\n<p>Muchas personas piensan que cursos como este, son solo un ejercicio religioso, o reservado para cierto tipo de personas, \u00a1pero no lo son! La Universidad de la Vida es una aventura de 7 semanas que te llevar\u00e1 a conocer y acercarte m\u00e1s a Dios, adem\u00e1s a comprender los planes que \u00c9l tiene para ti y tu familia.<\/p>\n<p>A trav\u00e9s de estas clases pr\u00e1cticas, recibir\u00e1s herramientas, recursos y ense\u00f1anzas que te ayudaran a conectarte con Dios y a hacer parte de una de las comunidades m\u00e1s grandes del mundo.<\/p>\n<p><strong>\u00a1Es un curso es imprescindible para ti!<\/strong>[\/vc_column_text][vc_row_inner css=&#8221;.vc_custom_1663706664608{margin-top: 60px !important;margin-bottom: 80px !important;padding-top: 20px !important;padding-bottom: 20px !important;background-image: url(https:\/\/mcichurch.us\/wp-content\/uploads\/2020\/10\/banner-verde.png?id=8253) !important;background-position: center !important;background-repeat: no-repeat !important;background-size: cover !important;}&#8221;][vc_column_inner width=&#8221;1\/6&#8243;][\/vc_column_inner][vc_column_inner width=&#8221;2\/3&#8243;][vc_video link=&#8221;https:\/\/youtu.be\/_gPERUpmYCU&#8221;][\/vc_column_inner][vc_column_inner width=&#8221;1\/6&#8243;][\/vc_column_inner][\/vc_row_inner][vc_column_text align=&#8221;center&#8221; css=&#8221;.vc_custom_1662139246838{margin-top: 30px !important;}&#8221;]\n<h2>RAZONES POR LAS CUALES ASISTIR A LA U DE LA VIDA<\/h2>\n[\/vc_column_text][vc_row_inner css=&#8221;.vc_custom_1662139234892{margin-top: 20px !important;margin-bottom: 20px !important;}&#8221;][vc_column_inner width=&#8221;1\/3&#8243;][vc_single_image image=&#8221;8255&#8243; img_size=&#8221;full&#8221; alignment=&#8221;center&#8221;][vc_column_text css=&#8221;.vc_custom_1602833166272{margin-bottom: 0px !important;}&#8221;]\n<h4 style=\"text-align: center;\">CONEXI\u00d3N<\/h4>\n<p>Conocer\u00e1s muchas otras personas que se hacen las mismas preguntas que t\u00fa sobre \u00bfQui\u00e9n es Dios? \u00bfTiene planes para m\u00ed? \u00bfPodr\u00eda reparar los fracasos de mi vida? \u00bfSer\u00e1 posible un nuevo comienzo para m\u00ed?<\/p>\n<p>No solo te conectar\u00e1s con ellos, sino que tambi\u00e9n podr\u00e1s realizar las preguntas que tengas en las clases.[\/vc_column_text][\/vc_column_inner][vc_column_inner width=&#8221;1\/3&#8243;][vc_single_image image=&#8221;8257&#8243; img_size=&#8221;full&#8221; alignment=&#8221;center&#8221;][vc_column_text css=&#8221;.vc_custom_1602833172834{margin-bottom: 0px !important;}&#8221;]\n<h4 style=\"text-align: center;\">OPORTUNIDAD DE COMENZAR DE NUEVO<\/h4>\n<p>A\u00fan hay tiempo de cambiar el rumbo de tu vida, y solo con la ayuda de Dios y el conocimiento de la obra de Jes\u00fas en la cruz por ti, podr\u00e1s experimentarlo verdaderamente.[\/vc_column_text][\/vc_column_inner][vc_column_inner width=&#8221;1\/3&#8243;][vc_single_image image=&#8221;8259&#8243; img_size=&#8221;full&#8221; alignment=&#8221;center&#8221;][vc_column_text css=&#8221;.vc_custom_1602833190403{margin-bottom: 0px !important;}&#8221;]\n<h4 style=\"text-align: center;\">DESAPRENDE LO VIEJO Y APRENDE LA MANERA DE DIOS<\/h4>\n<p>Vivir en bendici\u00f3n puede ser mucho m\u00e1s sencillo de lo que crees, solo debes conocer la manera que Dios dise\u00f1\u00f3 para que vivamos, hacer unos ajustes en tu vida y comenzar a experimentar esa plenitud que Dios quiere darte.[\/vc_column_text][\/vc_column_inner][\/vc_row_inner][\/vc_column][\/mk_page_section][vc_row fullwidth=&#8221;true&#8221; equal_columns=&#8221;true&#8221; css=&#8221;.vc_custom_1663708734301{margin-bottom: -30px !important;padding-top: 80px !important;padding-bottom: 0px !important;background-color: #7bd456 !important;}&#8221;][vc_column css=&#8221;.vc_custom_1663708502773{margin-bottom: 0px !important;border-bottom-width: 0px !important;padding-bottom: 0px !important;}&#8221;][mk_fancy_title color=&#8221;#ffffff&#8221; size=&#8221;32&#8243; font_weight=&#8221;bold&#8221; margin_top=&#8221;10&#8243; margin_bottom=&#8221;0&#8243; font_family=&#8221;none&#8221; align=&#8221;center&#8221;]HORARIOS[\/mk_fancy_title][mk_fancy_title color=&#8221;#ffffff&#8221; size=&#8221;20&#8243; font_weight=&#8221;bold&#8221; txt_transform=&#8221;uppercase&#8221; margin_top=&#8221;10&#8243; margin_bottom=&#8221;10&#8243; font_family=&#8221;none&#8221; align=&#8221;center&#8221;]Comienzo clases (Jueves 7:30)<br \/>\nClase 1: Marzo 23 (Zoom)<br \/>\nClase 2: Marzo 30 (Zoom)<br \/>\nClase 3:\u00a0 Abril 6 (Zoom)<br \/>\nAbril 9 Desayuno Presencial<br \/>\nClase 4: Abril 13 (Zoom)[\/mk_fancy_title][mk_divider style=&#8221;padding_space&#8221; margin_top=&#8221;30&#8243;][\/vc_column][\/vc_row][vc_row fullwidth=&#8221;true&#8221; equal_columns=&#8221;true&#8221; css=&#8221;.vc_custom_1663708520082{margin-bottom: -30px !important;padding-top: 60px !important;padding-bottom: 0px !important;background-color: #7bd456 !important;}&#8221;][vc_column css=&#8221;.vc_custom_1663708502773{margin-bottom: 0px !important;border-bottom-width: 0px !important;padding-bottom: 0px !important;}&#8221;][mk_fancy_title color=&#8221;#ffffff&#8221; size=&#8221;32&#8243; font_weight=&#8221;bold&#8221; margin_top=&#8221;10&#8243; margin_bottom=&#8221;0&#8243; font_family=&#8221;none&#8221; align=&#8221;center&#8221;]ENCUENTROS[\/mk_fancy_title][mk_divider style=&#8221;padding_space&#8221; margin_top=&#8221;30&#8243;][\/vc_column][\/vc_row][vc_row fullwidth=&#8221;true&#8221; fullwidth_content=&#8221;false&#8221; column_padding=&#8221;2&#8243; css=&#8221;.vc_custom_1663708710458{padding-top: 0px !important;padding-bottom: 0px !important;background-color: #7bd456 !important;}&#8221;][vc_column][mk_fancy_title color=&#8221;#447e29&#8243; size=&#8221;32&#8243; font_weight=&#8221;bold&#8221; margin_top=&#8221;10&#8243; margin_bottom=&#8221;0&#8243; font_family=&#8221;none&#8221; align=&#8221;center&#8221; el_class=&#8221;encounter-dates&#8221;]MUJERES ABRIL 21-22<br \/>\nHOMBRES ABRIL 28-29[\/mk_fancy_title][\/vc_column][\/vc_row][vc_row fullwidth=&#8221;true&#8221; equal_columns=&#8221;true&#8221; css=&#8221;.vc_custom_1663708671433{padding-top: 0px !important;padding-bottom: 60px !important;background-color: #7bd456 !important;}&#8221;][vc_column css=&#8221;.vc_custom_1663708502773{margin-bottom: 0px !important;border-bottom-width: 0px !important;padding-bottom: 0px !important;}&#8221;][mk_divider style=&#8221;padding_space&#8221; margin_top=&#8221;30&#8243;][mk_button dimension=&#8221;flat&#8221; corner_style=&#8221;rounded&#8221; size=&#8221;large&#8221; url=&#8221;https:\/\/mcichurchus.churchcenter.com\/registrations&#8221; align=&#8221;center&#8221; margin_bottom=&#8221;30&#8243; margin_right=&#8221;0&#8243; bg_color=&#8221;#494749&#8243; btn_hover_bg=&#8221;#000000&#8243;]REG\u00cdSTRATE AQU\u00cd[\/mk_button][\/vc_column][\/vc_row][vc_row fullwidth=&#8221;true&#8221; css=&#8221;.vc_custom_1602910412186{padding-top: 15px !important;background-color: #efefef !important;}&#8221;][vc_column][mk_fancy_title color=&#8221;#333333&#8243; size=&#8221;32&#8243; font_weight=&#8221;bold&#8221; margin_top=&#8221;10&#8243; margin_bottom=&#8221;10&#8243; font_family=&#8221;none&#8221; align=&#8221;center&#8221;]TESTIMONIOS[\/mk_fancy_title][\/vc_column][\/vc_row][vc_row fullwidth=&#8221;true&#8221; css=&#8221;.vc_custom_1602914658019{padding-top: 60px !important;padding-bottom: 60px !important;background-image: url(https:\/\/mcichurch.us\/wp-content\/uploads\/2020\/10\/fondo.png?id=8238) !important;background-position: center !important;background-repeat: no-repeat !important;background-size: cover !important;}&#8221;][vc_column][vc_row_inner is_fullwidth_content=&#8221;false&#8221;][vc_column_inner width=&#8221;1\/3&#8243;][vc_video link=&#8221;https:\/\/www.youtube.com\/watch?v=fqpH3kZ3YfI&#8221;][mk_padding_divider size=&#8221;30&#8243; visibility=&#8221;visible-sm&#8221;][\/vc_column_inner][vc_column_inner width=&#8221;1\/3&#8243;][vc_video link=&#8221;https:\/\/www.youtube.com\/watch?v=Loik-nEyMwg&amp;feature=youtu.be&#8221;][mk_padding_divider size=&#8221;30&#8243; visibility=&#8221;visible-sm&#8221;][\/vc_column_inner][vc_column_inner width=&#8221;1\/3&#8243;][vc_video link=&#8221;https:\/\/www.youtube.com\/watch?v=x0y_Z027Ei8&#8243;][\/vc_column_inner][\/vc_row_inner][vc_row_inner visibility=&#8221;hidden-sm&#8221;][vc_column_inner][vc_single_image image=&#8221;8265&#8243; img_size=&#8221;full&#8221; alignment=&#8221;center&#8221; css=&#8221;.vc_custom_1602915240653{margin-top: 80px !important;}&#8221;][\/vc_column_inner][\/vc_row_inner][vc_row_inner visibility=&#8221;visible-sm&#8221;][vc_column_inner][vc_single_image image=&#8221;8263&#8243; img_size=&#8221;full&#8221; alignment=&#8221;center&#8221; css=&#8221;.vc_custom_1602965628897{margin-top: 80px !important;}&#8221;][\/vc_column_inner][\/vc_row_inner][\/vc_column][\/vc_row]\n","protected":false},"excerpt":{"rendered":"<p>[mk_page_section bg_gradient=&#8221;horizontal&#8221; video_color_mask=&#8221;#c2c700&#8243; gr_end=&#8221;#00c38c&#8221; min_height=&#8221;50&#8243; sidebar=&#8221;sidebar-1&#8243;][vc_column][\/vc_column][\/mk_page_section][mk_page_section bg_image=&#8221;https:\/\/mcichurch.us\/wp-content\/uploads\/2020\/10\/fondo.png&#8221; bg_repeat=&#8221;no-repeat&#8221; bg_stretch=&#8221;true&#8221; min_height=&#8221;50&#8243; padding_top=&#8221;20&#8243; padding_bottom=&#8221;40&#8243; sidebar=&#8221;sidebar-1&#8243;][vc_column][vc_row_inner el_class=&#8221;udv-logo&#8221;][vc_column_inner width=&#8221;1\/3&#8243;][\/vc_column_inner][vc_column_inner width=&#8221;1\/3&#8243;][vc_single_image image=&#8221;8804&#8243; img_size=&#8221;full&#8221; alignment=&#8221;center&#8221; css=&#8221;.vc_custom_1662139532218{margin-bottom: 10px !important;}&#8221;][mk_button dimension=&#8221;flat&#8221; corner_style=&#8221;rounded&#8221; size=&#8221;medium&#8221; url=&#8221;https:\/\/mcichurchus.churchcenter.com\/registrations&#8221; align=&#8221;center&#8221; fullwidth=&#8221;true&#8221; margin_right=&#8221;0&#8243; bg_color=&#8221;#494749&#8243; btn_hover_bg=&#8221;#000000&#8243;]REG\u00cdSTRATE AQU\u00cd[\/mk_button][\/vc_column_inner][vc_column_inner width=&#8221;1\/3&#8243;][\/vc_column_inner][\/vc_row_inner][\/vc_column][\/mk_page_section][mk_page_section bg_gradient=&#8221;horizontal&#8221; video_color_mask=&#8221;#c2c700&#8243; gr_end=&#8221;#00c38c&#8221; min_height=&#8221;50&#8243; sidebar=&#8221;sidebar-1&#8243;][vc_column][\/vc_column][\/mk_page_section][mk_page_section bg_image=&#8221;https:\/\/mcichurch.us\/wp-content\/uploads\/2020\/10\/fondo.png&#8221; bg_repeat=&#8221;no-repeat&#8221; bg_stretch=&#8221;true&#8221; padding_top=&#8221;50&#8243; padding_bottom=&#8221;50&#8243; sidebar=&#8221;sidebar-1&#8243;][vc_column][vc_column_text align=&#8221;center&#8221; css=&#8221;.vc_custom_1602969378752{margin-bottom: 0px !important;}&#8221;] VIVE LA EXPERIENCIA\u00a0 No importa en qu\u00e9 [&hellip;]<\/p>\n","protected":false},"author":1,"featured_media":7892,"parent":0,"menu_order":-200,"comment_status":"closed","ping_status":"closed","template":"","meta":{"footnotes":""},"class_list":["post-8842","page","type-page","status-publish","has-post-thumbnail","hentry"],"_links":{"self":[{"href":"https:\/\/mcichurch.us\/es\/wp-json\/wp\/v2\/pages\/8842","targetHints":{"allow":["GET"]}}],"collection":[{"href":"https:\/\/mcichurch.us\/es\/wp-json\/wp\/v2\/pages"}],"about":[{"href":"https:\/\/mcichurch.us\/es\/wp-json\/wp\/v2\/types\/page"}],"author":[{"embeddable":true,"href":"https:\/\/mcichurch.us\/es\/wp-json\/wp\/v2\/users\/1"}],"replies":[{"embeddable":true,"href":"https:\/\/mcichurch.us\/es\/wp-json\/wp\/v2\/comments?post=8842"}],"version-history":[{"count":4,"href":"https:\/\/mcichurch.us\/es\/wp-json\/wp\/v2\/pages\/8842\/revisions"}],"predecessor-version":[{"id":8885,"href":"https:\/\/mcichurch.us\/es\/wp-json\/wp\/v2\/pages\/8842\/revisions\/8885"}],"wp:featuredmedia":[{"embeddable":true,"href":"https:\/\/mcichurch.us\/es\/wp-json\/wp\/v2\/media\/7892"}],"wp:attachment":[{"href":"https:\/\/mcichurch.us\/es\/wp-json\/wp\/v2\/media?parent=8842"}],"curies":[{"name":"wp","href":"https:\/\/api.w.org\/{rel}","templated":true}]}}